{"id":25816,"date":"2022-05-09T17:54:40","date_gmt":"2023-05-26T12:54:18","guid":{"rendered":"https:\/\/www.tasteoftoulouse.com\/product\/t-shirt-ajuste-pour-femmes-avec-logo-blanc\/"},"modified":"2023-05-26T14:54:18","modified_gmt":"2023-05-26T12:54:18","slug":"womens-fitted-tee-with-white-logo","status":"publish","type":"product","link":"https:\/\/www.tasteoftoulouse.com\/fr\/product\/womens-fitted-tee-with-white-logo\/","title":{"rendered":"T-shirt ajust\u00e9 pour femmes avec logo blanc"},"content":{"rendered":"<p>Confortable, d\u00e9contract\u00e9 et si doux, ce t-shirt bio basique pour femme deviendra rapidement votre tee-shirt pr\u00e9f\u00e9r\u00e9. Commandez votre prochain produit essentiel \u00e9cologique et profitez d&#8217;une sensation de confort tout au long de la journ\u00e9e. <\/p>\n<p>\u2022 100% coton bio<br \/>\n&#8211; Poids du tissu : 155 g\/m\u00b2<br \/>\nCoupe slim<br \/>\n&#8211; Col rond<br \/>\n&#8211; Bande de propret\u00e9 au niveau du cou<br \/>\n&#8211; Traitement aux enzymes pour un toucher doux <br \/>\n&#8211; Produit vierge provenant du Bangladesh<\/p>\n","protected":false},"excerpt":{"rendered":"<p>Confortable, d\u00e9contract\u00e9 et si doux, ce t-shirt bio basique pour femme deviendra rapidement votre tee-shirt pr\u00e9f\u00e9r\u00e9. Commandez votre prochain produit essentiel \u00e9cologique et profitez d&#8217;une sensation de confort tout au long de la journ\u00e9e. \u2022 100% coton bio &#8211; Poids du tissu : 155 g\/m\u00b2&#8230;<\/p>\n","protected":false},"featured_media":25051,"template":"","meta":[],"product_brand":[],"product_cat":[],"product_tag":[],"class_list":{"0":"post-25816","1":"product","2":"type-product","3":"status-publish","4":"has-post-thumbnail","7":"first","8":"outofstock","9":"shipping-taxable","10":"purchasable","11":"product-type-variable"},"_links":{"self":[{"href":"https:\/\/www.tasteoftoulouse.com\/fr\/wp-json\/wp\/v2\/product\/25816","targetHints":{"allow":["GET"]}}],"collection":[{"href":"https:\/\/www.tasteoftoulouse.com\/fr\/wp-json\/wp\/v2\/product"}],"about":[{"href":"https:\/\/www.tasteoftoulouse.com\/fr\/wp-json\/wp\/v2\/types\/product"}],"wp:featuredmedia":[{"embeddable":true,"href":"https:\/\/www.tasteoftoulouse.com\/fr\/wp-json\/wp\/v2\/media\/25051"}],"wp:attachment":[{"href":"https:\/\/www.tasteoftoulouse.com\/fr\/wp-json\/wp\/v2\/media?parent=25816"}],"wp:term":[{"taxonomy":"product_brand","embeddable":true,"href":"https:\/\/www.tasteoftoulouse.com\/fr\/wp-json\/wp\/v2\/product_brand?post=25816"},{"taxonomy":"product_cat","embeddable":true,"href":"https:\/\/www.tasteoftoulouse.com\/fr\/wp-json\/wp\/v2\/product_cat?post=25816"},{"taxonomy":"product_tag","embeddable":true,"href":"https:\/\/www.tasteoftoulouse.com\/fr\/wp-json\/wp\/v2\/product_tag?post=25816"}],"curies":[{"name":"wp","href":"https:\/\/api.w.org\/{rel}","templated":true}]}}