{"id":25897,"date":"2023-05-26T15:38:27","date_gmt":"2023-05-26T13:38:27","guid":{"rendered":"https:\/\/www.tasteoftoulouse.com\/experiences-virtuelles\/"},"modified":"2024-07-30T12:58:22","modified_gmt":"2024-07-30T10:58:22","slug":"experiences-virtuelles","status":"publish","type":"page","link":"https:\/\/www.tasteoftoulouse.com\/fr\/experiences-virtuelles\/","title":{"rendered":"Exp\u00e9riences de d\u00e9gustation virtuelles avec Taste of Toulouse"},"content":{"rendered":"<div class=\"wpb-content-wrapper\"><p>[vc_row row_type=&#8221;row&#8221; use_row_as_full_screen_section=&#8221;no&#8221; type=&#8221;grid&#8221; text_align=&#8221;left&#8221; background_animation=&#8221;none&#8221; css_animation=&#8221;&#8221;][vc_column width=&#8221;2\/3&#8243; offset=&#8221;vc_col-sm-offset-2&#8243;][vc_single_image image=&#8221;23852&#8243; img_size=&#8221;full&#8221; alignment=&#8221;center&#8221; qode_css_animation=&#8221;&#8221; css=&#8221;.vc_custom_1591277841847{padding-top: 30px !important;padding-bottom: 50px !important;}&#8221;][vc_column_text]<\/p>\n<h2 style=\"text-align: center;\">Go\u00fbtez aux exp\u00e9riences virtuelles de d\u00e9gustation de fromages de Toulouse!<\/h2>\n<p style=\"text-align: center;\">Passez quelques heures avec moi et d&#8217;autres amateurs de cuisine fran\u00e7aise \u00e0 plonger dans l&#8217;un de mes sujets pr\u00e9f\u00e9r\u00e9s : LE FROMAGE, dans cette s\u00e9rie d&#8217;ateliers amusants et interactifs qui allez acqu\u00e9rir des comp\u00e9tences en mati\u00e8re de fromage qui rendront tous vos amis jaloux.<\/p>\n<p>[\/vc_column_text][vc_empty_space][\/vc_column][\/vc_row][vc_row row_type=&#8221;row&#8221; use_row_as_full_screen_section=&#8221;no&#8221; type=&#8221;grid&#8221; text_align=&#8221;left&#8221; background_animation=&#8221;none&#8221; css_animation=&#8221;&#8221;][vc_column css=&#8221;.vc_custom_1591119598461{padding-right: 50px !important;padding-bottom: 20px !important;padding-left: 50px !important;}&#8221;][vc_empty_space height=&#8221;80px&#8221;][vc_text_separator title=&#8221;<\/p>\n<h2>Fromage Fran\u00e7ais 101<\/h2>\n<p>&#8221; border_color=&#8221;#edb740&#8243; title_color=&#8221;#682547&#8243;][vc_empty_space height=&#8221;25px&#8221;]<div class='q_icon_with_title   center with_custom_icon'><div class=\"icon_holder \" style=\" \"><div class=\"icon_holder_inner\"><img loading=\"lazy\" decoding=\"async\" width=\"180\" height=\"180\" src=\"https:\/\/www.tasteoftoulouse.com\/wp-content\/uploads\/2018\/11\/MVH-Picto-8.png\" class=\"attachment-full size-full\" alt=\"French cheese sign\" srcset=\"https:\/\/www.tasteoftoulouse.com\/wp-content\/uploads\/2018\/11\/MVH-Picto-8.png 180w, https:\/\/www.tasteoftoulouse.com\/wp-content\/uploads\/2018\/11\/MVH-Picto-8-100x100.png 100w\" sizes=\"auto, (max-width: 180px) 100vw, 180px\" \/><\/div><\/div><div class=\"icon_text_holder\" style=\"\"><div class=\"icon_text_inner\" style=\"\"><h4 class=\"icon_title\" style=\"\"><\/h4><p style=''>&lt;b&gt;Vous aimez le fromage mais vous ne savez pas quoi choisir lorsque vous allez au supermarch\u00e9 ou \u00e0 la fromagerie ? Vous aimeriez \u00eatre plus \u00e0 l&apos;aise pour reconna\u00eetre les diff\u00e9rents fromages fran\u00e7ais et parler de vos go\u00fbts en mati\u00e8re de fromage ? Alors cet atelier est fait pour vous !&lt;\/b&gt;<\/p><\/div><\/div><\/div>[\/vc_column][\/vc_row][vc_row row_type=&#8221;row&#8221; use_row_as_full_screen_section=&#8221;no&#8221; type=&#8221;grid&#8221; text_align=&#8221;left&#8221; background_animation=&#8221;none&#8221; css_animation=&#8221;&#8221; css=&#8221;.vc_custom_1591289456474{padding-top: 50px !important;padding-bottom: 30px !important;}&#8221;][vc_column][vc_column_text css=&#8221;.vc_custom_1701395609816{padding-bottom: 15px !important;}&#8221;]En 2 heures, nous aborderons les bases du fromage fran\u00e7ais, et bien plus encore ! L&#8217;objectif n&#8217;est pas de d\u00e9mystifier le fromage fran\u00e7ais, car il est toujours bon d&#8217;avoir un peu de respect pour les pouvoirs mystiques d&#8217;un bon fromage, mais de vous mettre \u00e0 l&#8217;aise et de vous donner les outils et la confiance dont vous avez besoin pour poursuivre vos propres explorations fromag\u00e8res ! Je suis une ancienne fromag\u00e8re qui adore susciter l&#8217;enthousiasme des gens pour le fromage.<\/p>\n<p>(Vous pouvez \u00e9galement en savoir plus sur le fromage avec le blog Taste of Toulouse. Nous vous recommandons de consulter notre <a href=\"https:\/\/www.tasteoftoulouse.com\/fr\/un-guide-pour-le-fromage-et-le-vin-a-toulouse\/\">Guide du Fromage et du vin \u00e0 Toulouse <\/a>et notre <a href=\"https:\/\/www.tasteoftoulouse.com\/a-beginners-guide-to-french-cheese\/\">Guide du D\u00e9butant sur le Fromage Fran\u00e7ais<\/a>.)[\/vc_column_text][vc_column_text css=&#8221;.vc_custom_1645467239922{padding-bottom: 15px !important;}&#8221;]<\/p>\n<h3>Vous en apprendrez sur :<\/h3>\n<p>[\/vc_column_text]<div class='q_list circle'><\/p>\n<ul>\n<li style=\"font-weight: 400;\"><span style=\"font-weight: 400;\">Les 7 principaux types de fromages fran\u00e7ais et comment les reconna\u00eetre \u00e0 l&#8217;oeil <\/span><\/li>\n<li style=\"font-weight: 400;\"><span style=\"font-weight: 400;\">La terminologie importante du fromage qui vous permettra de parler du fromage comme un pro : AOC\/AOP\/IGP, parties du fromage, etc.<\/span><\/li>\n<li style=\"font-weight: 400;\"><span style=\"font-weight: 400;\">Quelle est l&#8217;importance du lait cru et comment les r\u00e9glementations sur le lait cru dans le monde entier influencent ce que vous pouvez acheter dans votre pays d&#8217;origine ?<\/span><\/li>\n<li style=\"font-weight: 400;\"><span style=\"font-weight: 400;\">Le r\u00f4le de l&#8217;affinage du fromage et des diff\u00e9rentes techniques de fabrication sur le produit fini<\/span><\/li>\n<li style=\"font-weight: 400;\"><span style=\"font-weight: 400;\">Les bases de l&#8217;association des fromages avec le vin et d&#8217;autres aliments, des principes qui vous aideront \u00e0 apprendre ce que vous aimez et \u00e0 continuer \u00e0 l&#8217;exp\u00e9rimenter.<\/span><\/li>\n<li style=\"font-weight: 400;\"><span style=\"font-weight: 400;\">Des techniques pour trouver du bon fromage n&#8217;importe o\u00f9 vous fassiez courses, que ce soit au supermarch\u00e9, \u00e0 la fromagerie ou ailleurs !<\/span><\/li>\n<li style=\"font-weight: 400;\"><span style=\"font-weight: 400;\">La question la plus fr\u00e9quente que l&#8217;on me pose lors de mes visites : Est-ce que vous mangez la croute ?<\/span><\/li>\n<li>Actuellement disponible en tant qu&#8217;exp\u00e9rience priv\u00e9e \u00e0 vivre avec votre famille, vos amis ou vos coll\u00e8gues ! Vous participez \u00e0 l&#8217;un de nos \u00e9v\u00e9nements virtuels en pr\u00e9vision d&#8217;un prochain voyage en France ? Consultez notre gamme compl\u00e8te de <a href=\"https:\/\/www.tasteoftoulouse.com\/fr\/visites\/\">balades gourmandes \u00e0 Toulouse.<\/a><\/li>\n<\/ul>\n<p><\/div><div class=\"call_to_action normal\" style=\"\"><div class=\"container_inner\"><div class=\"two_columns_75_25 clearfix\"><div class=\"text_wrapper column1\"><div class=\"call_to_action_text\" style=\"\"><\/p>\n<h6>Actuellement disponible en tant qu&#8217;exp\u00e9rience priv\u00e9e \u00e0 vivre avec votre famille, vos amis ou vos coll\u00e8gues !<\/h6>\n<p><\/div><\/div><div class=\"button_wrapper column2\"><a href=\"https:\/\/www.tasteoftoulouse.com\/private-tours-events\/\" class=\"qbutton medium\" target=\"_self\" style=\"color:#ffffff;background-color: #682547;\" data-hover-background-color=#680034  data-hover-color=#ffffff>Pour plus de d\u00e9tails, veuillez me contacter<\/a><\/div><\/div><\/div><\/div>[\/vc_column][\/vc_row][vc_row row_type=&#8221;row&#8221; use_row_as_full_screen_section=&#8221;no&#8221; type=&#8221;grid&#8221; text_align=&#8221;center&#8221; background_animation=&#8221;none&#8221; css_animation=&#8221;&#8221; css=&#8221;.vc_custom_1553191675126{padding-top: 20px !important;padding-bottom: 20px !important;}&#8221;][vc_column][vc_gallery type=&#8221;image_grid&#8221; images=&#8221;23870,23874,22363&#8243; img_size=&#8221;medium&#8221; onclick=&#8221;&#8221; column_number=&#8221;3&#8243; grayscale=&#8221;no&#8221; space_between_images=&#8221;yes&#8221;][\/vc_column][\/vc_row][vc_row row_type=&#8221;row&#8221; use_row_as_full_screen_section=&#8221;no&#8221; type=&#8221;grid&#8221; text_align=&#8221;left&#8221; background_animation=&#8221;none&#8221; css_animation=&#8221;&#8221;][vc_column css=&#8221;.vc_custom_1591119598461{padding-right: 50px !important;padding-bottom: 20px !important;padding-left: 50px !important;}&#8221;][vc_empty_space height=&#8221;50px&#8221;][vc_text_separator title=&#8221;<\/p>\n<h2>Comment constituer un plateau de fromages<\/h2>\n<p>&#8221; border_color=&#8221;#edb740&#8243; title_color=&#8221;#682547&#8243;][vc_empty_space height=&#8221;25px&#8221;]<div class='q_icon_with_title   center with_custom_icon'><div class=\"icon_holder \" style=\" \"><div class=\"icon_holder_inner\"><img loading=\"lazy\" decoding=\"async\" width=\"348\" height=\"207\" src=\"https:\/\/www.tasteoftoulouse.com\/wp-content\/uploads\/2020\/06\/TofT-tours-icon1.png\" class=\"attachment-full size-full\" alt=\"A simple red line drawing shows a wedge of cheese connected by a dashed line to a glass of wine, evoking the elegance of Virtual Tasting Experiences offered by Taste of Toulouse.\" srcset=\"https:\/\/www.tasteoftoulouse.com\/wp-content\/uploads\/2020\/06\/TofT-tours-icon1.png 348w, https:\/\/www.tasteoftoulouse.com\/wp-content\/uploads\/2020\/06\/TofT-tours-icon1-250x149.png 250w, https:\/\/www.tasteoftoulouse.com\/wp-content\/uploads\/2020\/06\/TofT-tours-icon1-300x178.png 300w\" sizes=\"auto, (max-width: 348px) 100vw, 348px\" \/><\/div><\/div><div class=\"icon_text_holder\" style=\"\"><div class=\"icon_text_inner\" style=\"\"><h4 class=\"icon_title\" style=\"\"><\/h4><p style=''>&lt;b&gt;Vous voyez de magnifiques plateaux de fromages sur Instagram et vous aimeriez pouvoir les reproduire ? Vous aimeriez avoir plus d&apos;assurance pour choisir les fromages et les accompagnements pour les f\u00eates et les pr\u00e9senter \u00e0 vos invit\u00e9s pour qu&apos;ils les appr\u00e9cient ? Vous avez des sueurs froides \u00e0 l&apos;id\u00e9e de devoir couper le fromage ? Alors cet atelier est fait pour vous !&lt;\/b&gt;<\/p><\/div><\/div><\/div>[\/vc_column][\/vc_row][vc_row row_type=&#8221;row&#8221; use_row_as_full_screen_section=&#8221;no&#8221; type=&#8221;grid&#8221; text_align=&#8221;left&#8221; background_animation=&#8221;none&#8221; css_animation=&#8221;&#8221; css=&#8221;.vc_custom_1591289436008{padding-top: 50px !important;padding-bottom: 30px !important;}&#8221;][vc_column][vc_column_text css=&#8221;.vc_custom_1591700904491{padding-bottom: 15px !important;}&#8221;]<span style=\"font-weight: 400;\">Au cours de cet atelier pratique, virtuel, d&#8217;une heure et demie, nous aborderons tout ce qu&#8217;il faut savoir pour pr\u00e9parer des plateaux de fromages en toute confiance ! Nous commencerons par un peu de th\u00e9orie, puis nous vous montrerons les techniques pour cr\u00e9er un plateau de fromages que vous pourrez d\u00e9guster, que ce soit en tant qu&#8217;amuse-bouche, pour le traditionnel plat de fromages fran\u00e7ais ou pour tout votre repas (nous ne jugeons pas), et que ce soit pour tout un groupe ou juste pour vous. Il n&#8217;est pas n\u00e9cessaire de suivre notre autre atelier, Fromage fran\u00e7ais 101, mais il est recommand\u00e9 si vous \u00eates curieux d&#8217;en savoir plus sur certains des fromages que j&#8217;utiliserai dans cet atelier et sur la fa\u00e7on d&#8217;acheter de bons fromages o\u00f9 que vous soyez.<\/span>[\/vc_column_text][vc_column_text css=&#8221;.vc_custom_1645467389718{padding-bottom: 15px !important;}&#8221;]<\/p>\n<h3>Vous en apprendrez sur :<\/h3>\n<p>[\/vc_column_text]<div class='q_list circle'><\/p>\n<ul>\n<li style=\"font-weight: 400;\"><span style=\"font-weight: 400;\">Les diff\u00e9rentes strat\u00e9gies pour choisir les fromages de votre plateau de fromages<\/span><\/li>\n<li style=\"font-weight: 400;\"><span style=\"font-weight: 400;\">Comment savoir quelle quantit\u00e9 acheter<\/span><\/li>\n<li style=\"font-weight: 400;\"><span style=\"font-weight: 400;\">Comment choisir les bons accompagnements<\/span><\/li>\n<li style=\"font-weight: 400;\"><span style=\"font-weight: 400;\">La meilleure fa\u00e7on de couper les diff\u00e9rents types de fromages<\/span><\/li>\n<li style=\"font-weight: 400;\"><span style=\"font-weight: 400;\">Les deux principaux styles de plateaux de fromage et les meilleures situations pour chacun d&#8217;entre eux<\/span><\/li>\n<li style=\"font-weight: 400;\"><span style=\"font-weight: 400;\">Techniques pour construire et d\u00e9corer votre plateau de fromages<\/span><\/li>\n<li style=\"font-weight: 400;\"><span style=\"font-weight: 400;\">Les meilleures fa\u00e7ons pour conserver et servir le fromage<\/span><\/li>\n<li>Actuellement disponible en tant qu&#8217;exp\u00e9rience priv\u00e9e \u00e0 vivre avec votre famille, vos amis ou vos coll\u00e8gues ! Vous avez une id\u00e9e pour un \u00e9v\u00e9nement virtuel autour de la gastronomie fran\u00e7aise ? N&#8217;h\u00e9sitez pas \u00e0 nous contacter sur notre page <a href=\"https:\/\/www.tasteoftoulouse.com\/fr\/visites-privees-evenements\/\">&#8220;Visites et \u00e9v\u00e9nements priv\u00e9s&#8221;.<\/a><\/li>\n<\/ul>\n<p><\/div><div class=\"call_to_action normal\" style=\"\"><div class=\"container_inner\"><div class=\"two_columns_75_25 clearfix\"><div class=\"text_wrapper column1\"><div class=\"call_to_action_text\" style=\"\"><\/p>\n<h6>Actuellement disponible en tant qu&#8217;exp\u00e9rience priv\u00e9e \u00e0 vivre avec votre famille, vos amis ou vos coll\u00e8gues !<\/h6>\n<p><\/div><\/div><div class=\"button_wrapper column2\"><a href=\"https:\/\/www.tasteoftoulouse.com\/private-tours-events\/\" class=\"qbutton medium\" target=\"_self\" style=\"color:#ffffff;background-color: #682547;\" data-hover-background-color=#680034  data-hover-color=#ffffff>Pour plus de d\u00e9tails, veuillez me contacter<\/a><\/div><\/div><\/div><\/div>[\/vc_column][\/vc_row][vc_row row_type=&#8221;row&#8221; use_row_as_full_screen_section=&#8221;no&#8221; type=&#8221;grid&#8221; text_align=&#8221;center&#8221; background_animation=&#8221;none&#8221; css_animation=&#8221;&#8221; css=&#8221;.vc_custom_1553191675126{padding-top: 20px !important;padding-bottom: 20px !important;}&#8221;][vc_column][vc_gallery type=&#8221;image_grid&#8221; images=&#8221;23868,23864,23866&#8243; img_size=&#8221;medium&#8221; onclick=&#8221;&#8221; column_number=&#8221;3&#8243; grayscale=&#8221;no&#8221; space_between_images=&#8221;yes&#8221;][\/vc_column][\/vc_row][vc_row row_type=&#8221;row&#8221; use_row_as_full_screen_section=&#8221;no&#8221; type=&#8221;grid&#8221; text_align=&#8221;left&#8221; background_animation=&#8221;none&#8221; css_animation=&#8221;&#8221;][vc_column][vc_empty_space height=&#8221;50px&#8221;][vc_column_text]<\/p>\n<h2>Questions fr\u00e9quemment pos\u00e9es<\/h2>\n<hr class=\"style1\">\n<p>[\/vc_column_text][vc_empty_space height=&#8221;20px&#8221;][vc_accordion style=&#8221;accordion&#8221;][vc_accordion_tab title=&#8221;Qu&apos;est-ce qui est compris ?&#8221; title_tag=&#8221;h5&#8243; title_color=&#8221;#682547&#8243;][vc_column_text]<span style=\"font-family: nunito; font-weight: 400;\">En plus de l&#8217;atelier en ligne, vous recevrez une liste de fromages et d&#8217;accompagnements sugg\u00e9r\u00e9s pour les parties interactives de l&#8217;atelier, ainsi que du mat\u00e9riel de cours \u00e0 t\u00e9l\u00e9charger (comme un journal de d\u00e9gustation de fromages imprimable !) et une liste de ressources pour vous aider \u00e0 poursuivre votre apprentissage apr\u00e8s l&#8217;atelier.<\/span>[\/vc_column_text][\/vc_accordion_tab][vc_accordion_tab title=&#8221;Qu&apos;est-ce qui n&apos;est pas compris ?&#8221; title_tag=&#8221;h5&#8243; title_color=&#8221;#682547&#8243;][vc_column_text]<span style=\"font-family: nunito; font-weight: 400;\">Il vous appartient d&#8217;acheter toute nourriture ou boisson que vous souhaitez consommer pendant l&#8217;atelier.<\/span>[\/vc_column_text][\/vc_accordion_tab][vc_accordion_tab title=&#8221;Que faire si je ne veux pas ou n&apos;ai pas le temps d&apos;acheter \u00e0 manger ?&#8221; title_tag=&#8221;h5&#8243; title_color=&#8221;#682547&#8243;][vc_column_text]<span style=\"font-family: nunito; font-weight: 400;\">Pas de soucis! Vous pouvez choisir de nous suivre et de d\u00e9guster avec nous ou simplement de regarder et d&#8217;apprendre, puis aller acheter du fromage et d&#8217;autres produits pour mettre vos connaissances en pratique plus tard.<\/span>[\/vc_column_text][\/vc_accordion_tab][vc_accordion_tab title=&#8221;Pourrai-je vous poser des questions pendant l&apos;atelier ?&#8221; title_tag=&#8221;h5&#8243; title_color=&#8221;#682547&#8243;][vc_column_text]<span style=\"font-family: nunito; font-weight: 400;\">Absolument! Vous pouvez me poser des questions en utilisant la bo\u00eete de dialogue ou en me parlant directement. Je veillerai \u00e0 laisser beaucoup de temps pour les questions, r\u00e9ponses.<\/span><br \/>\n[\/vc_column_text][\/vc_accordion_tab][vc_accordion_tab title=&#8221;Que faire si je n&apos;ai jamais utilis\u00e9 Zoom auparavant ?&#8221; title_tag=&#8221;h5&#8243; title_color=&#8221;#682547&#8243;][vc_column_text]<span style=\"font-family: nunito; font-weight: 400;\">Zoom est facile \u00e0 utiliser et vous pouvez vous inscrire \u00e0 l&#8217;aide d&#8217;une application qu&#8217;il faut t\u00e9l\u00e9charger (recommand\u00e9e) ou \u00e0 l&#8217;aide de votre navigateur web. Si vous n&#8217;avez jamais utilis\u00e9 Zoom, je vous recommande de cliquer sur le lien quelques minutes \u00e0 l&#8217;avance afin que Zoom puisse vous guider dans l&#8217;installation.<\/span><\/p>\n<p><span style=\"font-family: nunito; font-weight: 400;\">Vous pouvez \u00e9galement vous transporter \u00e0 Toulouse pendant l&#8217;atelier en utilisant l&#8217;un de mes <a href=\"https:\/\/www.tasteoftoulouse.com\/toulouse-zoom-virtual-backgrounds\/\" target=\"_blank\" rel=\"noopener noreferrer\">arri\u00e8re-plans Zoom GRATUITS repr\u00e9sentant de magnifiques paysages toulousains.<\/a><\/span>[\/vc_column_text][\/vc_accordion_tab][vc_accordion_tab title=&#8221;L&apos;atelier est-il enregistr\u00e9 ? Que se passe-t-il si je manque l&apos;atelier ?&#8221; title_tag=&#8221;h5&#8243; title_color=&#8221;#682547&#8243;][vc_column_text]<span style=\"font-family: nunito; font-weight: 400;\">Les ateliers ne seront pas enregistr\u00e9s pour des raisons de confidentialit\u00e9. Je veux que chacun se sente \u00e0 l&#8217;aise pour poser des questions et interagir. N&#8217;oubliez donc pas de noter la date dans votre agenda !<\/span><\/p>\n<p><span style=\"font-family: nunito; font-weight: 400;\">Les ateliers en ligne ne sont pas remboursables, alors n&#8217;oubliez pas d&#8217;y participer ! Vous recevrez un mail de rappel une heure avant le d\u00e9but de l&#8217;atelier. Tous les ateliers commencent \u00e0 20h00 (heure de Toulouse).<\/span>[\/vc_column_text][\/vc_accordion_tab][vc_accordion_tab title=&#8221;Avez-vous un nombre minimum pour animer l&apos;atelier ?&#8221; title_tag=&#8221;h5&#8243; title_color=&#8221;#682547&#8243;][vc_column_text]<span style=\"font-family: nunito;\">Nous nous r\u00e9servons le droit d&#8217;annuler les ateliers si le nombre minimum de 4 \u00e9crans n&#8217;est pas atteint. Nous essaierons de vous informer longtemps \u00e0 l&#8217;avance si cela semble \u00eatre le cas, afin de vous donner le temps de trouver des amis ou des membres de votre famille qui souhaiteraient vous rejoindre. Plus on est de fous plus on rit ! <\/span><\/p>\n<p><span style=\"font-family: nunito;\">Si le minimum n&#8217;est pas atteint, nous vous en informerons 48 heures \u00e0 l&#8217;avance et vous aurez le choix entre passer \u00e0 une autre date d&#8217;atelier ou \u00eatre rembours\u00e9.<\/span>[\/vc_column_text][\/vc_accordion_tab][vc_accordion_tab title=&#8221;Quelle est votre politique d&apos;annulation\/de remboursement ?&#8221; title_tag=&#8221;h5&#8243; title_color=&#8221;#682547&#8243;][vc_column_text]<span style=\"font-family: nunito; font-weight: 400;\">Veuillez lire attentivement votre commande et les d\u00e9tails de l&#8217;atelier avant de r\u00e9server. Les billets sont remboursables jusqu&#8217;\u00e0 48 heures avant le d\u00e9but de l&#8217;atelier. Je suis heureux de reprogrammer votre r\u00e9servation pour une autre date (sous r\u00e9serve de disponibilit\u00e9) ou de r\u00e9affecter vos billets \u00e0 une autre personne avec un pr\u00e9avis d&#8217;au moins 48 heures. Toute modification doit \u00eatre communiqu\u00e9e par \u00e9crit \u00e0 jessica@tasteoftoulouse.com.<\/span>[\/vc_column_text][\/vc_accordion_tab][vc_accordion_tab title=&#8221;Puis-je r\u00e9server un atelier priv\u00e9 pour un groupe ?&#8221; title_tag=&#8221;h5&#8243; title_color=&#8221;#682547&#8243;][vc_column_text]<span style=\"font-family: nunito; font-weight: 400;\">Oui ! <a href=\"https:\/\/www.tasteoftoulouse.com\/fr\/contact\/\" target=\"_blank\" rel=\"noopener noreferrer\">Contactez-moi<\/a> pour obtenir des informations et des tarifs pour des ateliers priv\u00e9s. <\/span>[\/vc_column_text][\/vc_accordion_tab][vc_accordion_tab title=&#8221;Que se passe-t-il si aucune des dates de l&apos;atelier ne me convient ?&#8221; title_tag=&#8221;h5&#8243; title_color=&#8221;#682547&#8243;][vc_column_text]<span style=\"font-family: nunito; font-weight: 400;\">Il est possible que nous ajoutions d&#8217;autres dates, ou m\u00eame de nouveaux th\u00e8mes d&#8217;ateliers, en juillet si l&#8217;int\u00e9r\u00eat le permet. <a href=\"https:\/\/www.tasteoftoulouse.com\/fr\/contact\/\" target=\"_blank\" rel=\"noopener noreferrer\">Contactez-moi<\/a> si vous souhaitez proposer une date ou un th\u00e8me d&#8217;atelier sp\u00e9cifique ou si vous \u00eates int\u00e9ress\u00e9 par un atelier priv\u00e9. <\/span>[\/vc_column_text][\/vc_accordion_tab][\/vc_accordion][\/vc_column][\/vc_row][vc_row row_type=&#8221;row&#8221; use_row_as_full_screen_section=&#8221;no&#8221; type=&#8221;full_width&#8221; text_align=&#8221;left&#8221; background_animation=&#8221;none&#8221; css_animation=&#8221;&#8221;][vc_column][vc_empty_space height=&#8221;20px&#8221;][vc_raw_html]PGhyIGNsYXNzPSJzdHlsZTQiPg==[\/vc_raw_html]<div class=\"container_inner\"><div class=\"call_to_action normal\" style=\"padding: 0 0 60px 0;\"><div class=\"two_columns_75_25 clearfix\"><div class=\"text_wrapper column1\"><div class=\"call_to_action_text\" style=\"\"><\/p>\n<h2>D&#8217;autres questions?<\/h2>\n<p><\/div><\/div><div class=\"button_wrapper column2\"><a href=\"https:\/\/www.tasteoftoulouse.com\/contact\" class=\"qbutton \" target=\"_blank\" style=\"color:#ffffff;background-color: #edb740;\" data-hover-background-color=#eda200  data-hover-color=#ffffff>CONTACTEZ MOI<\/a><\/div><\/div><\/div><\/div>[\/vc_column][\/vc_row]<\/p>\n<\/div>","protected":false},"excerpt":{"rendered":"<p>[vc_row row_type=&#8221;row&#8221; use_row_as_full_screen_section=&#8221;no&#8221; type=&#8221;grid&#8221; text_align=&#8221;left&#8221; background_animation=&#8221;none&#8221; css_animation=&#8221;&#8221;][vc_column width=&#8221;2\/3&#8243; offset=&#8221;vc_col-sm-offset-2&#8243;][vc_single_image image=&#8221;23852&#8243; img_size=&#8221;full&#8221; alignment=&#8221;center&#8221; qode_css_animation=&#8221;&#8221; css=&#8221;.vc_custom_1591277841847{padding-top: 30px !important;padding-bottom: 50px !important;}&#8221;][vc_column_text] Go\u00fbtez aux exp\u00e9riences virtuelles de d\u00e9gustation de fromages de Toulouse! Passez quelques heures avec moi et d&#8217;autres amateurs de cuisine fran\u00e7aise \u00e0 plonger dans l&#8217;un de mes&#8230;<\/p>\n","protected":false},"author":1,"featured_media":23923,"parent":0,"menu_order":0,"comment_status":"closed","ping_status":"closed","template":"","meta":{"footnotes":""},"class_list":["post-25897","page","type-page","status-publish","has-post-thumbnail","hentry"],"_links":{"self":[{"href":"https:\/\/www.tasteoftoulouse.com\/fr\/wp-json\/wp\/v2\/pages\/25897","targetHints":{"allow":["GET"]}}],"collection":[{"href":"https:\/\/www.tasteoftoulouse.com\/fr\/wp-json\/wp\/v2\/pages"}],"about":[{"href":"https:\/\/www.tasteoftoulouse.com\/fr\/wp-json\/wp\/v2\/types\/page"}],"author":[{"embeddable":true,"href":"https:\/\/www.tasteoftoulouse.com\/fr\/wp-json\/wp\/v2\/users\/1"}],"replies":[{"embeddable":true,"href":"https:\/\/www.tasteoftoulouse.com\/fr\/wp-json\/wp\/v2\/comments?post=25897"}],"version-history":[{"count":15,"href":"https:\/\/www.tasteoftoulouse.com\/fr\/wp-json\/wp\/v2\/pages\/25897\/revisions"}],"predecessor-version":[{"id":27189,"href":"https:\/\/www.tasteoftoulouse.com\/fr\/wp-json\/wp\/v2\/pages\/25897\/revisions\/27189"}],"wp:featuredmedia":[{"embeddable":true,"href":"https:\/\/www.tasteoftoulouse.com\/fr\/wp-json\/wp\/v2\/media\/23923"}],"wp:attachment":[{"href":"https:\/\/www.tasteoftoulouse.com\/fr\/wp-json\/wp\/v2\/media?parent=25897"}],"curies":[{"name":"wp","href":"https:\/\/api.w.org\/{rel}","templated":true}]}}