{"id":22579,"date":"2019-06-27T14:33:16","date_gmt":"2019-06-27T14:33:16","guid":{"rendered":"https:\/\/www.tasteoftoulouse.com\/centre-de-confidentialite-gdpr\/politique-de-confidentialite\/"},"modified":"2019-06-27T14:33:16","modified_gmt":"2019-06-27T14:33:16","slug":"politique-de-confidentialite","status":"publish","type":"page","link":"https:\/\/www.tasteoftoulouse.com\/fr\/centre-de-confidentialite-gdpr\/politique-de-confidentialite\/","title":{"rendered":"POLITIQUE DE CONFIDENTIALIT\u00c9"},"content":{"rendered":"<p>Cette politique de confidentialit\u00e9 a \u00e9t\u00e9 mise \u00e0 jour pour la derni\u00e8re fois le 15 octobre 2018.<\/p>\n<h2>1. Qui sommes nous<\/h2>\n<hr class=\"style1\">\n<p>Taste of Toulouse EURL est une soci\u00e9t\u00e9 \u00e0 responsabilit\u00e9 limit\u00e9e immatricul\u00e9e en France (collectivement d\u00e9nomm\u00e9e &#8220;nous&#8221; ou &#8220;nous&#8221; dans la pr\u00e9sente politique). Notre site Web est <a href=\"https:\/\/www.tasteoftoulouse.com\">www.tasteoftoulouse.com<\/a> (\u00abnotre site Web\u00bb dans cette politique).<\/p>\n<p>Taste of Toulouse s&#8217;engage \u00e0 maintenir la confiance des visiteurs de notre site Web et de ses clients. En particulier, nous souhaitons que vous sachiez que Taste of Toulouse n\u2019a pas pour activit\u00e9 de vendre, louer ou \u00e9changer des courriels ou des listes de clients avec d\u2019autres entreprises \u00e0 des fins de marketing. La politique de confidentialit\u00e9 suivante fournit des informations d\u00e9taill\u00e9es sur le moment et la raison pour lesquels nous recueillons vos informations personnelles, sur la mani\u00e8re dont nous les utilisons, sur les conditions restreintes dans lesquelles nous pouvons les divulguer \u00e0 des tiers et sur la fa\u00e7on dont nous assurons la s\u00e9curit\u00e9.<\/p>\n<h2>2. Quelles sont les donn\u00e9es personnelles que nous recueillons, pourquoi nous les recueillons et pendant combien de temps elles sont stock\u00e9es?<\/h2>\n<hr class=\"style1\">\n<h3>Formulaire de contact<\/h3>\n<p align=\"justify\">Lorsque vous soumettez un formulaire de contact sur le site Web, nous recueillons des informations vous concernant, tel que votre nom, votre adresse \u00e9lectronique et un num\u00e9ro de t\u00e9l\u00e9phone. Nous utilisons vos donn\u00e9es pour r\u00e9pondre \u00e0 votre demande de contact en fonction de vos pr\u00e9f\u00e9rences.<\/p>\n<p align=\"justify\">La base sur laquelle nous pouvons traiter ces donn\u00e9es est la suivante: Ex\u00e9cution d&#8217;un accord<\/p>\n<p align=\"justify\">Afin de compl\u00e9ter votre demande, nous traitons ces donn\u00e9es \u00e0 l&#8217;aide de G Suite, avec lequel nous avons <a href=\"https:\/\/gsuite.google.com\/terms\/dpa_terms.html\" rel=\"noopener noreferrer\" target=\"_blank\">un contrat de traitement de donn\u00e9es.<\/a><\/p>\n<p align=\"justify\">P\u00e9riode de r\u00e9tention: nous conservons ces donn\u00e9es jusqu&#8217;\u00e0 la fin du service.<\/p>\n<h3>Liste de diffusion<\/h3>\n<p>Lorsque vous acceptez de vous inscrire \u00e0 la liste de diffusion de Taste of Toulouse, via un formulaire d&#8217;inscription en ligne, une case \u00e0 cocher lors de la validation de votre commande ou par tout autre moyen, nous utilisons vos donn\u00e9es pour vous envoyer notre lettre d&#8217;information par courrier \u00e9lectronique et d&#8217;autres informations occasionnelles sur Taste of Toulouse.<\/p>\n<p>Pour ce faire, nous utilisons les donn\u00e9es suivantes:<\/p>\n<ul>\n<li>Nom<\/li>\n<li>Adresse de votre email<\/li>\n<\/ul>\n<p>La base sur laquelle nous pouvons traiter ces donn\u00e9es est: Consentement<\/p>\n<p>Nous utilisons MailChimp pour envoyer notre newsletter par courrier \u00e9lectronique. En vous abonnant, vous reconnaissez que vos informations seront transf\u00e9r\u00e9es \u00e0 MailChimp pour traitement. Vous pouvez en apprendre davantage sur les pratiques de MailChimp en <a href=\"https:\/\/mailchimp.com\/legal\/privacy\/\" rel=\"noopener noreferrer\" target=\"_blank\">mati\u00e8re de confidentialit\u00e9<\/a>. <span style=\"font-weight: 400;\">Pour rappel, nous ne vendrons jamais ni n&#8217;\u00e9changerons votre adresse e-mail ou d&#8217;autres informations personnelles et vous avez le droit de vous d\u00e9sabonner de nos e-mails marketing \u00e0 tout moment!<\/span><\/p>\n<p>P\u00e9riode de r\u00e9tention: nous conservons ces donn\u00e9es jusqu&#8217;\u00e0 ce que vous demandiez votre retrait de la liste de diffusion. Vous pouvez le faire en cliquant sur le lien au bas de chaque bulletin ou en cliquant <span style=\"color: #ff0000;\">ici<\/span>.<\/p>\n<h3>Commentaires<\/h3>\n<p>Lorsque les visiteurs laissent des commentaires sur le site, nous collectons les donn\u00e9es indiqu\u00e9es dans le formulaire de commentaires, ainsi que l&#8217;adresse IP anonymis\u00e9e du visiteur, afin de faciliter la d\u00e9tection du spam.<\/p>\n<p>La base sur laquelle nous pouvons traiter ces donn\u00e9es est: Consentement<\/p>\n<p>Une cha\u00eene anonymis\u00e9e cr\u00e9\u00e9e \u00e0 partir de votre adresse e-mail (\u00e9galement appel\u00e9e hachage) peut \u00eatre fournie au service Gravatar pour voir si vous l&#8217;utilisez. La politique de confidentialit\u00e9 du service Gravatar est disponible ici: <a href=\"https:\/\/automattic.com\/privacy\/\" rel=\"noopener noreferrer\" target=\"_blank\">https:\/\/automattic.com\/privacy\/<\/a>. Apr\u00e8s approbation de votre commentaire, la photo de votre profil est visible par le public dans le contexte de votre commentaire.<\/p>\n<p>P\u00e9riode de r\u00e9tention: si vous laissez un commentaire, le commentaire et ses m\u00e9tadonn\u00e9es sont conserv\u00e9s ind\u00e9finiment. Cela nous permet de reconna\u00eetre et d\u2019approuver automatiquement tous les commentaires de suivi au lieu de les conserver dans une file d\u2019attente de mod\u00e9ration. Nous conservons ces donn\u00e9es jusqu&#8217;\u00e0 ce que vous demandiez leur suppression.<\/p>\n<h3>Informations sur la commande<\/h3>\n<p><span style=\"font-weight: 400;\">Nous utilisons un processeur de paiement tiers, Stripe, pour tous les paiements. Taste of Toulouse ne stocke pas les d\u00e9tails de carte de cr\u00e9dit et compte sur Stripe pour cela. Lorsque vous effectuez un achat ou tentez d&#8217;effectuer un achat via le site Web, nous ou un service tiers collectons certaines informations de votre part, notamment votre nom, votre adresse de facturation, les informations de paiement (y compris les num\u00e9ros de carte de cr\u00e9dit), l&#8217;adresse e-mail et le num\u00e9ro de t\u00e9l\u00e9phone. . Nous nous r\u00e9f\u00e9rons \u00e0 cette information en tant que &#8220;Information de commande&#8221;.<\/span><\/p>\n<p><span style=\"font-weight: 400;\">Les informations de commande collect\u00e9es sont utilis\u00e9es pour ex\u00e9cuter toutes les commandes pass\u00e9es via le site Web (y compris le traitement de vos informations de paiement et vous fournir des factures et \/ ou des confirmations de commande). De plus, ces informations de commande sont utilis\u00e9es pour:<\/span><\/p>\n<ul>\n<li style=\"font-weight: 400;\"><span style=\"font-weight: 400;\">Communiquer avec vous ; <\/span><\/li>\n<li style=\"font-weight: 400;\"><span style=\"font-weight: 400;\">Filtrer nos commandes \u00e0 la recherche de risques potentiels ou de fraudes (en particulier<span style=\"color: #ff0000;\">votre adresse IP<\/span>); et<\/span><\/li>\n<li style=\"font-weight: 400;\"><span style=\"font-weight: 400;\">Lorsque vous y consentez, fournissez des informations ou de la publicit\u00e9 sur nos produits ou services. Veuillez consulter la section &#8220;Liste de diffusion&#8221; ci-dessus pour plus d&#8217;informations \u00e0 ce sujet.<\/span><\/li>\n<\/ul>\n<p>La base sur laquelle nous traitons ces informations est la suivante: Ex\u00e9cution d&#8217;un accord<\/p>\n<p><span style=\"font-weight: 400;\">Nous utilisons les services tiers <\/span><a href=\"http:\/\/www.stripe.com\/\"><span style=\"font-weight: 400;\">Stripe<\/span><\/a><span style=\"font-weight: 400;\"> et <\/span><a href=\"https:\/\/www.ticketinghub.com\/\"><span style=\"font-weight: 400;\">Ticketinghub<\/span><\/a><span style=\"font-weight: 400;\"> pour alimenter notre syst\u00e8me de r\u00e9servation en ligne &#8211; vous pouvez en savoir plus sur la mani\u00e8re dont Stripe utilise vos informations personnelles ici:<\/span><a href=\"https:\/\/stripe.com\/fr\/privacy\"><span style=\"font-weight: 400;\">https:\/\/stripe.com\/fr\/privacy<\/span><\/a><span style=\"font-weight: 400;\">. Vous pouvez consulter la politique de confidentialit\u00e9 de TicketingHub ici: <\/span><a href=\"https:\/\/legal.ticketinghub.com\/docs\/policy\"><span style=\"font-weight: 400;\">https:\/\/legal.ticketinghub.com\/docs\/policy<\/span><\/a><span style=\"font-weight: 400;\">.<\/span><\/p>\n<h3>Analytique<\/h3>\n<p>Lorsque quelqu&#8217;un visite votre site Web, nous utilisons un service tiers, Google Analytics, pour collecter des informations de journalisation standard sur Internet et des informations d\u00e9taill\u00e9es sur les comportements des visiteurs. Nous le faisons pour conna\u00eetre des informations telles que le nombre de visiteurs des diff\u00e9rentes parties du site. Ces informations ne sont trait\u00e9es que de mani\u00e8re \u00e0 ne pas identifier qui que ce soit. Nous ne faisons pas, et ne permettons pas \u00e0 Google, de tenter de d\u00e9couvrir l&#8217;identit\u00e9 de ceux qui visitent notre site Web. Vous pouvez en savoir plus sur la mani\u00e8re dont Google utilise vos informations personnelles ici:<a href=\"https:\/\/www.google.com\/intl\/en\/policies\/privacy\">https:\/\/www.google.com\/intl\/en\/policies\/privacy<\/a>. Vous pouvez \u00e9galement d\u00e9sactiver Google Analytics ici:<a href=\"https:\/\/tools.google.com\/dlpage\/gaoptout\">https:\/\/tools.google.com\/dlpage\/gaoptout<\/a>.<\/p>\n<h3>Contenu int\u00e9gr\u00e9 provenant d&#8217;autres sites Web<\/h3>\n<p>Les articles sur ce site peuvent inclure du contenu incorpor\u00e9 (par exemple, des vid\u00e9os, des images, des articles, etc.). Le contenu int\u00e9gr\u00e9 d&#8217;autres sites Web se comporte exactement de la m\u00eame mani\u00e8re que si le visiteur avait visit\u00e9 un autre site Web.<\/p>\n<p>Ces sites Web peuvent collecter des donn\u00e9es \u00e0 votre sujet, utiliser des cookies, int\u00e9grer un suivi tiers suppl\u00e9mentaire et surveiller votre interaction avec ce contenu int\u00e9gr\u00e9, y compris le suivi de votre interaction avec le contenu int\u00e9gr\u00e9 si vous poss\u00e9dez un compte et \u00eates connect\u00e9 \u00e0 ce site Web.<\/p>\n<h3>Cookies<\/h3>\n<p>Notre site utilise des cookies. Pour plus d&#8217;informations sur les cookies, veuillez vous reporter \u00e0 notre <a href=\"https:\/\/www.tasteoftoulouse.com\/fr\/centre-de-confidentialite-gdpr\/politique-de-cookie\/\" rel=\"noopener noreferrer\" target=\"_blank\">politique de cookies<\/a>. Google ne peut utiliser les donn\u00e9es pour aucun autre service Google. L&#8217;inclusion d&#8217;adresses IP compl\u00e8tes est bloqu\u00e9e par nous<\/p>\n<h3>Google Web Fonts<\/h3>\n<p>Pour une repr\u00e9sentation uniforme des polices, notre site utilise des polices Web fournies par Google. Lorsque vous ouvrez une page, votre navigateur charge les polices Web requises dans la m\u00e9moire cache de votre navigateur pour afficher correctement les textes et les polices.<\/p>\n<p>Pour ce faire, votre navigateur doit \u00e9tablir une connexion directe avec les serveurs Google. Google prend ainsi conscience que notre site Web \u00e9tait accessible via votre adresse IP. L&#8217;utilisation des polices Google Web est effectu\u00e9e dans l&#8217;int\u00e9r\u00eat d&#8217;une pr\u00e9sentation uniforme et attrayante de notre plugin. Ceci constitue un int\u00e9r\u00eat justifi\u00e9 au sens de Art. 6 (1) (f) DSGVO.<\/p>\n<p>Si votre navigateur ne prend pas en charge les polices Web, une police standard est utilis\u00e9e par votre ordinateur.<\/p>\n<p>Pour plus d\u2019informations sur le traitement des donn\u00e9es utilisateur, consultez l\u2019adresse suivante:<a href=\"https:\/\/developers.google.com\/fonts\/faq\" rel=\"noopener noreferrer\" target=\"_blank\">https:\/\/developers.google.com\/fonts\/faq<\/a> et dans la politique de confidentialit\u00e9 de Google sur <a href=\"https:\/\/www.google.com\/policies\/privacy\/\" rel=\"noopener noreferrer\" target=\"_blank\">https:\/\/www.google.com\/policies\/privacy\/<\/a>.<\/p>\n<p>&nbsp;<\/p>\n<h2>3. Avec qui partageons-nous vos donn\u00e9es?<\/h2>\n<hr class=\"style1\">\n<p><span style=\"font-weight: 400;\">Nous partageons vos informations personnelles avec des tiers pour nous aider \u00e0 utiliser vos informations personnelles, comme d\u00e9crit dans les sections ci-dessus.<\/span><\/p>\n<h3><span style=\"font-weight: 400;\">Avec quelles autres soci\u00e9t\u00e9s partageons-nous vos donn\u00e9es? <\/span><\/h3>\n<p>&nbsp;<\/p>\n<p><span style=\"font-weight: 400;\">Nous pouvons \u00e9galement partager vos informations personnelles pour nous conformer aux lois et r\u00e9glementations en vigueur, pour r\u00e9pondre \u00e0 une assignation \u00e0 compara\u00eetre, \u00e0 un mandat de perquisition ou \u00e0 toute autre demande licite d&#8217;informations que nous recevons, ou pour prot\u00e9ger nos droits de quelque mani\u00e8re que ce soit.<\/span><\/p>\n<p><span style=\"font-weight: 400;\">De plus, vous pouvez d\u00e9sactiver certains de ces services en visitant le portail de retrait de Digital Advertising Alliance \u00e0 l\u2019adresse suivante: <\/span><a href=\"http:\/\/optout.aboutads.info\/\"><span style=\"font-weight: 400;\">http:\/\/optout.aboutads.info<\/span><\/a><span style=\"font-weight: 400;\">.<\/span><\/p>\n<h2>4. Combien de temps conservons-nous vos donn\u00e9es?<\/h2>\n<hr class=\"style1\">\n<p><span style=\"font-weight: 400;\">Nous ne conserverons pas vos donn\u00e9es plus longtemps que n\u00e9cessaire aux fins \u00e9nonc\u00e9es dans cette politique. Diff\u00e9rentes dur\u00e9es de conservation s&#8217;appliquent pour diff\u00e9rents types de donn\u00e9es. Toutefois, la dur\u00e9e maximale de conservation des donn\u00e9es personnelles est g\u00e9n\u00e9ralement de 6 ans \u00e0 compter de la date du dernier contact avec vous.<\/span><\/p>\n<p>Pour les utilisateurs qui s&#8217;inscrivent sur notre site Web (le cas \u00e9ch\u00e9ant), nous conservons \u00e9galement les informations personnelles qu&#8217;ils fournissent dans leur profil d&#8217;utilisateur. Tous les utilisateurs peuvent voir, \u00e9diter ou supprimer leurs informations personnelles \u00e0 tout moment (sauf qu&#8217;ils ne peuvent pas changer leur nom d&#8217;utilisateur). Les administrateurs de site Web peuvent \u00e9galement voir et \u00e9diter ces informations.<\/p>\n<h2>5. Quels sont vos droits sur vos donn\u00e9es?<\/h2>\n<hr class=\"style1\">\n<p>Si vous avez un compte sur ce site ou si vous avez laiss\u00e9 des commentaires, vous pouvez <a href=\"https:\/\/www.tasteoftoulouse.com\/fr\/centre-de-confidentialite-gdpr\/demande-de-donnees\/\" rel=\"noopener noreferrer\" target=\"_blank\">demander \u00e0 recevoir un fichier export\u00e9<\/a>des donn\u00e9es personnelles que nous d\u00e9tenons \u00e0 votre sujet, y compris les donn\u00e9es que vous nous avez fournies. Vous pouvez \u00e9galement <a href=\"https:\/\/www.tasteoftoulouse.com\/fr\/centre-de-confidentialite-gdpr\/oublie-moi\/\" rel=\"noopener noreferrer\" target=\"_blank\">demander que nous effacions toutes les donn\u00e9es personnelles<\/a> que nous d\u00e9tenons \u00e0 votre sujet. Cela n&#8217;inclut pas les donn\u00e9es que nous sommes oblig\u00e9s de conserver \u00e0 des fins administratives, juridiques ou de s\u00e9curit\u00e9.<\/p>\n<h2>6. O\u00f9 nous envoyons vos donn\u00e9es?<\/h2>\n<hr class=\"style1\">\n<p>Pour vous livrer des produits et des services, il est parfois n\u00e9cessaire pour Taste of Toulouse de partager vos donn\u00e9es en dehors de l&#8217;Espace \u00e9conomique europ\u00e9en. Cela se produit g\u00e9n\u00e9ralement lorsque les fournisseurs de services sont situ\u00e9s en dehors de l&#8217;EEE ou si vous \u00eates bas\u00e9 en dehors de l&#8217;EEE. Ces transferts sont soumis \u00e0 des r\u00e8gles sp\u00e9ciales en vertu des lois sur la protection des donn\u00e9es.<\/p>\n<p>Si cela se produit, nous nous assurerons que le transfert sera conforme \u00e0 la loi sur la protection des donn\u00e9es et que toutes les donn\u00e9es personnelles seront s\u00e9curis\u00e9es. Nous veillons \u00e0 ce que tous les fournisseurs de services situ\u00e9s en dehors de l&#8217;EEE soient abonn\u00e9s \u00e0 l&#8217;UE-\u00c9tats-Unis. Privacy Shield Framework et le Swiss-U.S. Privacy Shield Framework (collectivement d\u00e9nomm\u00e9 \u00abPrivacy Shield\u00bb). Pour en savoir plus sur la visite du programme Privacy Shield <a href=\"https:\/\/www.privacyshield.gov\/\">www.privacyshield.gov<\/a>.<\/p>\n<h2>7. Nos coordonn\u00e9es<\/h2>\n<hr class=\"style1\">\n<p>Si vous avez des questions ou des pr\u00e9occupations concernant notre politique de confidentialit\u00e9, vous pouvez nous contacter en utilisant <a href=\"https:\/\/www.tasteoftoulouse.com\/fr\/centre-de-confidentialite-gdpr\/contacter-le-responsable-de-la-protection-des-donnees\/\" rel=\"noopener noreferrer\" target=\"_blank\">ce formulaire<\/a> ou l\u2019un des moyens \u00e9num\u00e9r\u00e9s ci-dessous.<\/p>\n<p><strong>Par email:<\/strong> <a href=\"mailto:contact@tasteoftoulouse.com\">contact@tasteoftoulouse.com<\/a><\/p>\n<p><strong>Par t\u00e9l\u00e9phone:<\/strong> +33 7 66 10 08 07<\/p>\n<p><strong>Par maill: <\/strong>Jessica Hammer<br \/>\nTaste of Toulouse<br \/>\n46 Boulevard des Minimes<br \/>\n31200 Toulouse, FRANCE<\/p>\n<h2>8. Informations compl\u00e9mentaires<\/h2>\n<hr class=\"style1\">\n<h3>Comment prot\u00e9geons-nous vos donn\u00e9es?<\/h3>\n<ul>\n<li>Nous conservons vos informations personnelles dans des syst\u00e8mes ferm\u00e9s uniquement accessibles au propri\u00e9taire \/ exploitant exclusif de Taste of Toulouse.<\/li>\n<li>Nous traitons toutes nos transactions de paiement par carte de cr\u00e9dit et autres via des passerelles de paiement externes conformes \u00e0 la norme PCI.<\/li>\n<li>Toutes les transactions financi\u00e8res sont trait\u00e9es par un fournisseur de passerelle et ne sont ni stock\u00e9es ni trait\u00e9es par nous.<\/li>\n<\/ul>\n<h3>Quelles proc\u00e9dures de protection des donn\u00e9es nous avons mises en place ?<\/h3>\n<p>Nos politiques de traitement des violations de donn\u00e9es sont conformes \u00e0 la fois aux <strong>pratiques \u00e9quitables en mati\u00e8re d\u2019information<\/strong> aux \u00c9tats-Unis et au <strong>GDPR<\/strong>dans l\u2019UE.<\/p>\n<p>En cas de violation des donn\u00e9es, nous vous en informerons par e-mail, dans les 72 heures qui suivent la d\u00e9couverte de la violation, ou effectuerons une annonce publique. Si les donn\u00e9es divulgu\u00e9es n&#8217;ont pas \u00e9t\u00e9 crypt\u00e9es et risquent de porter atteinte \u00e0 vos droits ou libert\u00e9s, nous signalerons \u00e9galement la violation \u00e0 l&#8217;organisme de r\u00e9glementation comp\u00e9tent dans les 72 heures.<\/p>\n<h3>Les plaintes<\/h3>\n<p>Si vous pensez que la mani\u00e8re dont nous traitons vos donn\u00e9es pose un probl\u00e8me et si vous \u00eates citoyen de l&#8217;UE, vous avez le droit de vous plaindre aupr\u00e8s de l&#8217;autorit\u00e9 de contr\u00f4le de la protection des donn\u00e9es de votre pays. Pour vous aider \u00e0 trouver votre autorit\u00e9 de surveillance locale, voici <a href=\"http:\/\/ec.europa.eu\/justice\/article-29\/structure\/data-protection-authorities\/index_en.htm\">une liste des autorit\u00e9s de ce type dans l\u2019UE pour chaque pays<\/a>, ainsi qu\u2019une autorit\u00e9 centrale tout en bas de la liste.<\/p>\n","protected":false},"excerpt":{"rendered":"<p>Cette politique de confidentialit\u00e9 a \u00e9t\u00e9 mise \u00e0 jour pour la derni\u00e8re fois le 15 octobre 2018. 1. Qui sommes nous Taste of Toulouse EURL est une soci\u00e9t\u00e9 \u00e0 responsabilit\u00e9 limit\u00e9e immatricul\u00e9e en France (collectivement d\u00e9nomm\u00e9e &#8220;nous&#8221; ou &#8220;nous&#8221; dans la pr\u00e9sente politique). Notre site&#8230;<\/p>\n","protected":false},"author":1,"featured_media":0,"parent":22542,"menu_order":0,"comment_status":"closed","ping_status":"closed","template":"","meta":{"footnotes":""},"class_list":["post-22579","page","type-page","status-publish","hentry"],"_links":{"self":[{"href":"https:\/\/www.tasteoftoulouse.com\/fr\/wp-json\/wp\/v2\/pages\/22579","targetHints":{"allow":["GET"]}}],"collection":[{"href":"https:\/\/www.tasteoftoulouse.com\/fr\/wp-json\/wp\/v2\/pages"}],"about":[{"href":"https:\/\/www.tasteoftoulouse.com\/fr\/wp-json\/wp\/v2\/types\/page"}],"author":[{"embeddable":true,"href":"https:\/\/www.tasteoftoulouse.com\/fr\/wp-json\/wp\/v2\/users\/1"}],"replies":[{"embeddable":true,"href":"https:\/\/www.tasteoftoulouse.com\/fr\/wp-json\/wp\/v2\/comments?post=22579"}],"version-history":[{"count":0,"href":"https:\/\/www.tasteoftoulouse.com\/fr\/wp-json\/wp\/v2\/pages\/22579\/revisions"}],"up":[{"embeddable":true,"href":"https:\/\/www.tasteoftoulouse.com\/fr\/wp-json\/wp\/v2\/pages\/22542"}],"wp:attachment":[{"href":"https:\/\/www.tasteoftoulouse.com\/fr\/wp-json\/wp\/v2\/media?parent=22579"}],"curies":[{"name":"wp","href":"https:\/\/api.w.org\/{rel}","templated":true}]}}