{"id":22575,"date":"2019-06-27T13:45:22","date_gmt":"2019-06-27T13:45:22","guid":{"rendered":"https:\/\/www.tasteoftoulouse.com\/about\/"},"modified":"2023-05-10T13:21:31","modified_gmt":"2023-05-10T11:21:31","slug":"about","status":"publish","type":"page","link":"https:\/\/www.tasteoftoulouse.com\/fr\/about\/","title":{"rendered":"ABOUT"},"content":{"rendered":"<div class=\"wpb-content-wrapper\"><p>[vc_row row_type=&#8221;row&#8221; use_row_as_full_screen_section=&#8221;no&#8221; type=&#8221;grid&#8221; text_align=&#8221;center&#8221; background_animation=&#8221;none&#8221; padding_top=&#8221;100&#8243; css_animation=&#8221;&#8221; background_color=&#8221;#ffffff&#8221;][vc_column width=&#8221;2\/5&#8243; css=&#8221;.vc_custom_1552563241258{margin-bottom: 30px !important;}&#8221;][vc_single_image image=&#8221;22459&#8243; img_size=&#8221;full&#8221; alignment=&#8221;center&#8221; qode_css_animation=&#8221;&#8221;][\/vc_column][vc_column width=&#8221;3\/5&#8243;][vc_column_text css=&#8221;.vc_custom_1537621723347{margin-bottom: 20px !important;}&#8221;]<\/p>\n<h2 style=\"text-align: left;\"><b>Bienvenue \u00e0 Toulouse!<\/b><\/h2>\n<hr class=\"style1\">\n<p>[\/vc_column_text][vc_column_text]<\/p>\n<h3 style=\"text-align: left;\"><span style=\"font-weight: 400;\">Je suis Jessica &#8211; une Am\u00e9ricaine et &#8220;Toulousaine au c\u0153ur&#8221; depuis 2017. <\/span><\/h3>\n<p>&nbsp;<\/p>\n<p style=\"text-align: left;\"><span style=\"font-weight: 400;\">Une des choses que j&#8217;aime le plus dans la vie en France est que les produits de haute qualit\u00e9 sont si accessibles &#8211; et bien manger est un passe-temps national! Presque toutes les personnes que vous rencontrez ont h\u00e2te de vous parler de leurs magasins pr\u00e9f\u00e9r\u00e9s, de leurs plats r\u00e9gionaux pr\u00e9f\u00e9r\u00e9s, de leurs recettes familiales pr\u00e9f\u00e9r\u00e9es. Le march\u00e9 est une pierre angulaire de la culture fran\u00e7aise, non seulement pour acheter des produits, mais \u00e9galement pour rencontrer des gens et participer \u00e0 la vie de la communaut\u00e9. MAIS si vous ne parlez pas fran\u00e7ais (et parfois m\u00eame quand vous le faites), il est difficile de savoir par o\u00f9 commencer. Les visites au march\u00e9 peuvent \u00eatre accablantes et intimidantes lorsque vous ne savez pas comment commander, ce que vous aimez &#8211; ni m\u00eame quelles sont les diff\u00e9rentes options.<\/span><\/p>\n<p>[\/vc_column_text][qode_elements_holder number_of_columns=&#8221;two_columns&#8221; alignment_one_column=&#8221;left&#8221;][qode_elements_holder_item item_padding=&#8221;20px 20px 20px 0px&#8221; vertical_alignment=&#8221;top&#8221; item_padding_1280_1600=&#8221;20px 20px 20px 0px&#8221; item_padding_1024_1280=&#8221;20px 20px 20px 0px&#8221; item_padding_768_1024=&#8221;20px 20px 20px 0px&#8221; item_padding_600_768=&#8221;20px 0px 20px 0px&#8221; item_padding_480_600=&#8221;20px 0px 20px 0px&#8221; item_padding_480=&#8221;20px 0px 20px 0px&#8221;][vc_column_text]<\/p>\n<p style=\"text-align: left;\"><span style=\"font-family: nunito; color: #682547;\">Les questions se bousculent dans votre t\u00eate<\/span>: comment puis-je commencer \u00e0 choisir entre TOUS ces fromages (et est-ce correct de manger de la cro\u00fbte?!) &#8211; ou &#8211; Lequel de ces vins aux noms dont je n&#8217;ai jamais entendu parler va au d\u00eener ? Quels sont tous ces \u00e9l\u00e9ments au comptoir de la charcuterie? Comment savoir si j&#8217;obtiens le meilleur produit possible alors que je ne sais m\u00eame pas en quoi consiste ce produit ?!<\/p>\n<p>[\/vc_column_text][\/qode_elements_holder_item][qode_elements_holder_item item_padding=&#8221;20px 0px 0px 20px&#8221; vertical_alignment=&#8221;top&#8221; item_padding_1280_1600=&#8221;20px 0px 0px 20px&#8221; item_padding_1024_1280=&#8221;20px 0px 0px 20px&#8221; item_padding_768_1024=&#8221;20px 0px 0px 20px&#8221; item_padding_600_768=&#8221;20px 0px 0px 0px&#8221; item_padding_480_600=&#8221;0px 0px 0px 0px&#8221; item_padding_480=&#8221;0px 0px 0px 0px&#8221;][vc_column_text]<\/p>\n<p style=\"text-align: left;\"><span style=\"font-family: nunito; color: #682547;\">C\u2019est ce qui m\u2019a motiv\u00e9 \u00e0 commencer Taste of Toulouse<\/span>&#8211; parce que je voulais partager les tr\u00e9sors comestibles (et buvables!) De ma ville d\u2019adoption de mani\u00e8re ludique et facile \u00e0 comprendre, tout en donnant contexte et profondeur. J&#8217;esp\u00e8re qu&#8217;en supprimant une partie de l&#8217;angoisse et de la confusion et en vous donnant des conseils que vous pourrez continuer \u00e0 utiliser, je vous inspirerai pour une exploration et une d\u00e9couverte plus pouss\u00e9es.<\/p>\n<p>[\/vc_column_text][\/qode_elements_holder_item][\/qode_elements_holder][\/vc_column][\/vc_row][vc_row row_type=&#8221;row&#8221; use_row_as_full_screen_section=&#8221;no&#8221; type=&#8221;grid&#8221; text_align=&#8221;left&#8221; background_animation=&#8221;none&#8221; css_animation=&#8221;&#8221; css=&#8221;.vc_custom_1553113900995{margin-bottom: 10px !important;}&#8221;][vc_column][vc_column_text]<\/p>\n<p style=\"text-align: left;\"><span style=\"font-family: nunito; color: #682547;\">Aidez \u00e0 conserver un go\u00fbt de lieu. <\/span>En effectuant une tourn\u00e9e Taste of Toulouse, vous soutiendrez \u00e9galement des artisans et des entreprises locales talentueuses et travailleuses qui, \u00e0 leur tour, soutiennent la communaut\u00e9 et pr\u00e9servent le riche patrimoine gastronomique du sud-ouest de la France. Je choisis les endroits que nous visitons en fonction de la qualit\u00e9 de leurs produits et services &#8211; et non de leur co\u00fbt &#8211; et d\u00e9pense g\u00e9n\u00e9reusement dans ces entreprises lors de mes tourn\u00e9es.<\/p>\n<p>[\/vc_column_text][\/vc_column][\/vc_row][vc_row row_type=&#8221;row&#8221; use_row_as_full_screen_section=&#8221;no&#8221; type=&#8221;grid&#8221; text_align=&#8221;center&#8221; background_image=&#8221;20235&#8243; background_animation=&#8221;none&#8221; css_animation=&#8221;&#8221;][vc_column css=&#8221;.vc_custom_1552562703331{margin-top: 30px !important;}&#8221;][qode_elements_holder number_of_columns=&#8221;one_column&#8221;][qode_elements_holder_item background_image=&#8221;22165&#8243; item_padding=&#8221;50px 100px 50px 100px&#8221; item_padding_1280_1600=&#8221;50px 100px 50px 100px&#8221; item_padding_1024_1280=&#8221;50px 100px 50px 100px&#8221; item_padding_768_1024=&#8221;50px 100px 100px 100px&#8221; item_padding_600_768=&#8221;50px 50px 50px 50px&#8221; item_padding_480_600=&#8221;50px 20px 50px 20px&#8221; item_padding_480=&#8221;50px 5px 50px 5px&#8221;][vc_single_image image=&#8221;22344&#8243; img_size=&#8221;full&#8221; alignment=&#8221;center&#8221; qode_css_animation=&#8221;&#8221;][vc_column_text]<\/p>\n<h4>En tant que sp\u00e9cialiste du vin fran\u00e7ais, ancien fromager et obs\u00e9d\u00e9 par la cuisine fran\u00e7aise, mon objectif est de vous emmener dans une aventure sensorielle \u00e0 travers les merveilles culinaires du sud-ouest de la France tout en vous aidant \u00e0 d\u00e9coder les aspects intimidants et d\u00e9routants de la cuisine et du vin fran\u00e7ais.<\/h4>\n<p>[\/vc_column_text][\/qode_elements_holder_item][\/qode_elements_holder][\/vc_column][\/vc_row][vc_row row_type=&#8221;row&#8221; use_row_as_full_screen_section=&#8221;no&#8221; type=&#8221;full_width&#8221; text_align=&#8221;left&#8221; background_animation=&#8221;none&#8221; css_animation=&#8221;&#8221;][vc_column][vc_empty_space][\/vc_column][\/vc_row][vc_row row_type=&#8221;row&#8221; use_row_as_full_screen_section=&#8221;no&#8221; type=&#8221;grid&#8221; text_align=&#8221;left&#8221; background_animation=&#8221;none&#8221; css_animation=&#8221;&#8221;][vc_column][vc_column_text css=&#8221;.vc_custom_1553159196117{margin-bottom: 20px !important;}&#8221;]<\/p>\n<h2 style=\"text-align: left;\"><b>La longue histoire<\/b><\/h2>\n<hr class=\"style1\">\n<p>[\/vc_column_text][\/vc_column][\/vc_row][vc_row row_type=&#8221;row&#8221; use_row_as_full_screen_section=&#8221;no&#8221; type=&#8221;grid&#8221; text_align=&#8221;left&#8221; background_animation=&#8221;none&#8221; css_animation=&#8221;&#8221;][vc_column width=&#8221;1\/2&#8243;][vc_column_text css=&#8221;.vc_custom_1553184580053{padding-bottom: 20px !important;}&#8221;]<\/p>\n<p style=\"text-align: left;\"><span style=\"font-family: nunito; color: #682547;\">En 2015, j&#8217;ai eu un moment d&#8217;ampoule.<\/span> J&#8217;\u00e9tais en tourn\u00e9e culinaire \u00e0 Paris, et c&#8217;est l\u00e0 que j&#8217;ai d\u00e9couvert le concept de <em>terroir<\/em> &#8211; que chaque lieu a un go\u00fbt. C&#8217;\u00e9tait comme si quelqu&#8217;un me disait quelque chose que j&#8217;ai connu toute ma vie, mais que je n&#8217;ai jamais mis en mots. <strong>En fait, il n&#8217;y a pas de traduction anglaise directe pour le mot \u00abterroir\u00bb. <\/strong><\/p>\n<p>[\/vc_column_text][vc_column_text css=&#8221;.vc_custom_1553184592904{padding-bottom: 20px !important;}&#8221;]<\/p>\n<p style=\"text-align: left;\"><span style=\"font-family: nunito; color: #682547;\">Vous voyez, j&#8217;ai grandi dans une bleueti\u00e8re du sud-ouest du Michigan, fille d&#8217;agriculteurs et d&#8217;entrepreneurs.<\/span> \u00c0 ce jour, il m\u2019est douloureux d\u2019acheter des bleuets dans un magasin car je sais qu\u2019ils ne seront jamais aussi bons que ceux que j\u2019avais l&#8217;habitude de cueillir les chaudes journ\u00e9es d&#8217;\u00e9t\u00e9 dans nos champs. Ayant grandi et d\u00e9m\u00e9nag\u00e9 \u00e0 Chicago, j&#8217;ai commenc\u00e9 &#8211; sans m\u00eame m&#8217;en rendre compte &#8211; \u00e0 planifier mes vacances en fonction des aliments: les saveurs des souks de Marrakech et de F\u00e8s, les fromages caill\u00e9s au Wisconsin, les nouveaux vignobles du Michigan, les s\u00e9jours \u00e0 la d\u00e9couverte des groupes ethniques. quartiers de Chicago. Et puis ce voyage fatidique \u00e0 Paris, o\u00f9 j&#8217;ai d\u00e9couvert le monde merveilleux et ahurissant du vin et du fromage fran\u00e7ais.<\/p>\n<p>[\/vc_column_text][vc_column_text css=&#8221;.vc_custom_1553184768729{padding-bottom: 20px !important;}&#8221;]<\/p>\n<p style=\"text-align: left;\"><span style=\"font-family: nunito; color: #682547;\">C&#8217;\u00e9tait comme si toutes les pi\u00e8ces de ma vie commen\u00e7aient \u00e0 se mettre en place. <\/span>J&#8217;ai pass\u00e9 8 ans de ma carri\u00e8re \u00e0 soutenir des petites entreprises locales dans l&#8217;un des quartiers les plus cools de Chicago, par le biais de marketing et d&#8217;\u00e9v\u00e9nements &#8211; aidant les gens \u00e0 d\u00e9couvrir ce qui \u00e9tait unique, en cr\u00e9ant des \u00e9v\u00e9nements sp\u00e9ciaux qui ont enrichi la communaut\u00e9 et attir\u00e9 des visiteurs &#8211; essentiellement, servant de guide au quartier et \u00e0 ses commerces. Cela m&#8217;a donn\u00e9 un amour profond et une profonde reconnaissance, non seulement pour la passion et l&#8217;\u00e9nergie n\u00e9cessaires pour \u00eatre propri\u00e9taire de petite entreprise, mais \u00e9galement pour la place particuli\u00e8re que les petites entreprises occupent dans le maintien de la vitalit\u00e9 d&#8217;une communaut\u00e9.<\/p>\n<p>[\/vc_column_text][\/vc_column][vc_column width=&#8221;1\/2&#8243;][vc_single_image image=&#8221;22463&#8243; img_size=&#8221;full&#8221; alignment=&#8221;right&#8221; qode_css_animation=&#8221;&#8221; css=&#8221;.vc_custom_1553184778104{padding-bottom: 20px !important;}&#8221;][\/vc_column][\/vc_row][vc_row row_type=&#8221;row&#8221; use_row_as_full_screen_section=&#8221;no&#8221; type=&#8221;grid&#8221; text_align=&#8221;left&#8221; background_animation=&#8221;none&#8221; css_animation=&#8221;&#8221;][vc_column][vc_column_text css=&#8221;.vc_custom_1553184672682{padding-bottom: 20px !important;}&#8221;]<\/p>\n<h3>Mais le fromage et le vin appelaient\u2026<\/h3>\n<p>[\/vc_column_text][vc_column_text css=&#8221;.vc_custom_1553184649585{padding-bottom: 20px !important;}&#8221;]Finalement, j&#8217;ai quitt\u00e9 ce travail, pris un peu de temps pour voir ce qu&#8217;il y avait ensuite (certains d&#8217;entre eux voyageant en France!), Puis, inspir\u00e9 par mes voyages et d\u00e9sireux d&#8217;en apprendre davantage, je suis devenu fromager dans l&#8217;un des meilleurs fromages de Chicago et magasins de vin. J&#8217;ai pass\u00e9 une ann\u00e9e \u00e0 plonger profond\u00e9ment: apprendre tout ce que je pouvais sur le fromage et le vin, go\u00fbter \u00e0 toutes les occasions, r\u00e9pondre \u00e0 toutes sortes de questions de la part des clients (il n&#8217;y a pas vraiment de questions stupides!), Assister \u00e0 des ateliers, donner des cours et passer la certification WSET niveau 2 dans les vins et spiritueux avec m\u00e9rite.[\/vc_column_text][vc_column_text css=&#8221;.vc_custom_1553184688893{padding-bottom: 20px !important;}&#8221;]<\/p>\n<p style=\"text-align: left;\"><span style=\"font-family: nunito; color: #682547;\">Puis, en 2017, mon chemin m&#8217;a conduit \u00e0 Toulouse, o\u00f9 je suis imm\u00e9diatement tomb\u00e9 amoureux de cette ville:<\/span> -la belle architecture, le temps qu&#8217;il fait (il n&#8217;y a plus d&#8217;hivers \u00e0 Chicago!), La chaleur des gens d&#8217;ici et la nourriture! La nourriture! J&#8217;avais p\u00e9n\u00e9tr\u00e9 dans un monde fantastique de vins, fromages, charcuteries, etc. M\u00eame avec mon pass\u00e9 et mon exp\u00e9rience, mes premi\u00e8res visites sur les march\u00e9s ont \u00e9t\u00e9 tr\u00e8s intimidantes &#8211; d\u2019autant plus que j\u2019\u00e9tais tr\u00e8s timide pour essayer de parler fran\u00e7ais au d\u00e9but. J&#8217;ai d\u00e9couvert cela, malgr\u00e9 la riche sc\u00e8ne culinaire toulousaine et un nombre important d&#8217;expatri\u00e9s et de visiteurs.<strong>Les anglophones n&#8217;avaient aucun moyen de s&#8217;initier \u00e0 la gastronomie et aux vins fran\u00e7ais, ni de d\u00e9couvrir les merveilles gastronomiques du sud-ouest de la France dans notre propre langue.<\/strong><\/p>\n<p>[\/vc_column_text][\/vc_column][\/vc_row][vc_row row_type=&#8221;row&#8221; use_row_as_full_screen_section=&#8221;no&#8221; type=&#8221;grid&#8221; text_align=&#8221;left&#8221; background_animation=&#8221;none&#8221; css_animation=&#8221;&#8221;][vc_column width=&#8221;2\/3&#8243;][vc_single_image image=&#8221;22464&#8243; img_size=&#8221;full&#8221; alignment=&#8221;center&#8221; qode_css_animation=&#8221;&#8221; css=&#8221;.vc_custom_1553184714014{padding-bottom: 20px !important;}&#8221;][\/vc_column][vc_column width=&#8221;1\/3&#8243;][vc_column_text css=&#8221;.vc_custom_1553184723146{padding-bottom: 20px !important;}&#8221;]<\/p>\n<p style=\"text-align: left;\"><span style=\"font-family: nunito; color: #682547;\">J&#8217;ai donc d\u00e9cid\u00e9 de faire quelque chose \u00e0 ce sujet.<\/span> J&#8217;ai utilis\u00e9 mes comp\u00e9tences croissantes en fran\u00e7ais pour approfondir ma connaissance du monde de la gastronomie toulousaine: rechercher mes vendeurs pr\u00e9f\u00e9r\u00e9s du march\u00e9, rapporter de nouveaux produits \u00e0 la maison, faire des emplettes dans des entreprises locales, demander des recommandations (Conseil: si vous souhaitez engager une conversation avec un fran\u00e7ais, posez-leur des questions sur la nourriture). J&#8217;ai pass\u00e9 3 mois \u00e0 me plonger (au sens figur\u00e9) dans le vin fran\u00e7ais pour obtenir une note parfaite \u00e0 l&#8217;examen French Wine Scholar.<\/p>\n<p>[\/vc_column_text][vc_column_text]<\/p>\n<p style=\"text-align: left;\"><span style=\"font-family: nunito; color: #682547;\">Je veux construire des ponts avec du fromage, du vin et des chocolatines. <\/span>Mes tourn\u00e9es culinaires associent les connaissances locales avec la curiosit\u00e9 d\u2019un \u00e9tranger. Parce que parfois, les choses \u00e9videntes du point de vue fran\u00e7ais ne le sont pas du tout pour ceux d\u2019entre nous qui manquent du m\u00eame contexte. Mon objectif est de donner aux gens des outils pour combler cet \u00e9cart, non seulement en s&#8217;amusant pendant quelques heures lors d&#8217;une tourn\u00e9e (bien que nous le fassions!), Mais en apprenant \u00e0 conna\u00eetre la culture, les valeurs et le syst\u00e8me alimentaire en France &#8211; tout ce qui contribue \u00e0 aux choses d\u00e9licieuses que nous tenons entre nos mains et que nous go\u00fbtons pendant la tourn\u00e9e.[\/vc_column_text][\/vc_column][\/vc_row][vc_row row_type=&#8221;row&#8221; use_row_as_full_screen_section=&#8221;no&#8221; type=&#8221;full_width&#8221; text_align=&#8221;left&#8221; background_animation=&#8221;none&#8221; css_animation=&#8221;&#8221;][vc_column][vc_empty_space][\/vc_column][\/vc_row][vc_row row_type=&#8221;row&#8221; use_row_as_full_screen_section=&#8221;no&#8221; type=&#8221;grid&#8221; text_align=&#8221;left&#8221; background_animation=&#8221;none&#8221; css_animation=&#8221;&#8221;][vc_column width=&#8221;1\/4&#8243; css=&#8221;.vc_custom_1553185817232{padding-bottom: 20px !important;}&#8221;][vc_single_image image=&#8221;22452&#8243; img_size=&#8221;full&#8221; alignment=&#8221;center&#8221; onclick=&#8221;custom_link&#8221; qode_css_animation=&#8221;&#8221; link=&#8221;https:\/\/www.tasteoftoulouse.com\/fr\/marche-victor-hugo-tour\/&#8221;][\/vc_column][vc_column width=&#8221;1\/4&#8243; css=&#8221;.vc_custom_1553185824953{padding-bottom: 20px !important;}&#8221;][vc_single_image image=&#8221;22453&#8243; img_size=&#8221;full&#8221; alignment=&#8221;center&#8221; onclick=&#8221;custom_link&#8221; qode_css_animation=&#8221;&#8221; link=&#8221;https:\/\/www.tasteoftoulouse.com\/fr\/tour-sur-le-chocolat-et-la-patisserie\/&#8221;][\/vc_column][vc_column width=&#8221;1\/4&#8243; css=&#8221;.vc_custom_1553185832914{padding-bottom: 20px !important;}&#8221;][vc_single_image image=&#8221;25169&#8243; img_size=&#8221;full&#8221; alignment=&#8221;center&#8221; onclick=&#8221;custom_link&#8221; qode_css_animation=&#8221;&#8221; link=&#8221;https:\/\/www.tasteoftoulouse.com\/fr\/tour-sur-le-chocolat-et-la-patisserie\/&#8221;][\/vc_column][vc_column width=&#8221;1\/4&#8243;][vc_single_image image=&#8221;22465&#8243; img_size=&#8221;full&#8221; alignment=&#8221;center&#8221; onclick=&#8221;custom_link&#8221; qode_css_animation=&#8221;&#8221; link=&#8221;https:\/\/www.tasteoftoulouse.com\/fr\/visites-privees-evenements\/&#8221;][\/vc_column][\/vc_row][vc_row row_type=&#8221;row&#8221; use_row_as_full_screen_section=&#8221;no&#8221; type=&#8221;full_width&#8221; text_align=&#8221;left&#8221; background_animation=&#8221;none&#8221; css_animation=&#8221;&#8221;][vc_column][vc_empty_space][\/vc_column][\/vc_row][vc_row row_type=&#8221;row&#8221; use_row_as_full_screen_section=&#8221;no&#8221; type=&#8221;full_width&#8221; text_align=&#8221;left&#8221; background_animation=&#8221;none&#8221; css_animation=&#8221;&#8221;][vc_column][vc_column_text]<\/p>\n<p>[\/vc_column_text][\/vc_column][\/vc_row]<\/p>\n<\/div>","protected":false},"excerpt":{"rendered":"<p>[vc_row row_type=&#8221;row&#8221; use_row_as_full_screen_section=&#8221;no&#8221; type=&#8221;grid&#8221; text_align=&#8221;center&#8221; background_animation=&#8221;none&#8221; padding_top=&#8221;100&#8243; css_animation=&#8221;&#8221; background_color=&#8221;#ffffff&#8221;][vc_column width=&#8221;2\/5&#8243; css=&#8221;.vc_custom_1552563241258{margin-bottom: 30px !important;}&#8221;][vc_single_image image=&#8221;22459&#8243; img_size=&#8221;full&#8221; alignment=&#8221;center&#8221; qode_css_animation=&#8221;&#8221;][\/vc_column][vc_column width=&#8221;3\/5&#8243;][vc_column_text css=&#8221;.vc_custom_1537621723347{margin-bottom: 20px !important;}&#8221;] Bienvenue \u00e0 Toulouse! [\/vc_column_text][vc_column_text] Je suis Jessica &#8211; une Am\u00e9ricaine et &#8220;Toulousaine au c\u0153ur&#8221; depuis 2017. &nbsp; Une des choses que j&#8217;aime le plus&#8230;<\/p>\n","protected":false},"author":1,"featured_media":0,"parent":0,"menu_order":0,"comment_status":"open","ping_status":"closed","template":"full_width.php","meta":{"footnotes":""},"class_list":["post-22575","page","type-page","status-publish","hentry"],"_links":{"self":[{"href":"https:\/\/www.tasteoftoulouse.com\/fr\/wp-json\/wp\/v2\/pages\/22575","targetHints":{"allow":["GET"]}}],"collection":[{"href":"https:\/\/www.tasteoftoulouse.com\/fr\/wp-json\/wp\/v2\/pages"}],"about":[{"href":"https:\/\/www.tasteoftoulouse.com\/fr\/wp-json\/wp\/v2\/types\/page"}],"author":[{"embeddable":true,"href":"https:\/\/www.tasteoftoulouse.com\/fr\/wp-json\/wp\/v2\/users\/1"}],"replies":[{"embeddable":true,"href":"https:\/\/www.tasteoftoulouse.com\/fr\/wp-json\/wp\/v2\/comments?post=22575"}],"version-history":[{"count":4,"href":"https:\/\/www.tasteoftoulouse.com\/fr\/wp-json\/wp\/v2\/pages\/22575\/revisions"}],"predecessor-version":[{"id":25657,"href":"https:\/\/www.tasteoftoulouse.com\/fr\/wp-json\/wp\/v2\/pages\/22575\/revisions\/25657"}],"wp:attachment":[{"href":"https:\/\/www.tasteoftoulouse.com\/fr\/wp-json\/wp\/v2\/media?parent=22575"}],"curies":[{"name":"wp","href":"https:\/\/api.w.org\/{rel}","templated":true}]}}