{"id":22557,"date":"2019-06-27T12:38:03","date_gmt":"2019-06-27T12:38:03","guid":{"rendered":"https:\/\/www.tasteoftoulouse.com\/visites-privees-evenements\/"},"modified":"2023-05-15T15:18:04","modified_gmt":"2023-05-15T13:18:04","slug":"visites-privees-evenements","status":"publish","type":"page","link":"https:\/\/www.tasteoftoulouse.com\/fr\/visites-privees-evenements\/","title":{"rendered":"Visites priv\u00e9es et \u00e9v\u00e9nements \u00e0 Toulouse"},"content":{"rendered":"<div class=\"wpb-content-wrapper\"><p>[vc_row row_type=&#8221;row&#8221; use_row_as_full_screen_section=&#8221;no&#8221; type=&#8221;grid&#8221; text_align=&#8221;center&#8221; background_animation=&#8221;none&#8221; css_animation=&#8221;&#8221; css=&#8221;.vc_custom_1540825493008{border-bottom-width: 50px !important;padding-top: 50px !important;}&#8221;][vc_column][qode_elements_holder number_of_columns=&#8221;two_columns&#8221; alignment_one_column=&#8221;center&#8221;][qode_elements_holder_item item_padding=&#8221;0px 50px 0px 0px&#8221; item_padding_1280_1600=&#8221;0px 50px 0px 0px&#8221; item_padding_1024_1280=&#8221;0px 50px 0px 0px&#8221; item_padding_768_1024=&#8221;0px 25px 0px 0px&#8221; item_padding_600_768=&#8221;0px 0px 25px 0px&#8221; item_padding_480_600=&#8221;0px 0px 25px 0px&#8221; item_padding_480=&#8221;0px 0px 25px 0px&#8221;][vc_single_image image=&#8221;22357&#8243; img_size=&#8221;full&#8221; alignment=&#8221;center&#8221; qode_css_animation=&#8221;&#8221;][vc_column_text]<\/p>\n<h2 style=\"text-align: center;\">Visites priv\u00e9es, d\u00e9gustations et exp\u00e9riences en ligne avec votre propre guide de Toulouse !<\/h2>\n<p>&nbsp;<\/p>\n<p style=\"text-align: center;\">Que vous organisiez un \u00e9v\u00e9nement de groupe, c\u00e9l\u00e9briez une occasion sp\u00e9ciale ou que les visites en petits groupes ne correspondent tout simplement pas \u00e0 votre emploi du temps, je peux planifier la visite priv\u00e9e, la d\u00e9gustation ou l\u2019exp\u00e9rience en ligne parfaite pour vous et votre groupe !<\/p>\n<p>[\/vc_column_text][\/qode_elements_holder_item][qode_elements_holder_item][vc_column_text css=&#8221;.vc_custom_1645467016276{border-top-width: 1px !important;border-right-width: 1px !important;border-bottom-width: 1px !important;border-left-width: 1px !important;padding-top: 40px !important;padding-right: 20px !important;padding-bottom: 40px !important;padding-left: 20px !important;border-left-color: #7a7a7a !important;border-left-style: solid !important;border-right-color: #7a7a7a !important;border-right-style: solid !important;border-top-color: #7a7a7a !important;border-top-style: solid !important;border-bottom-color: #7a7a7a !important;border-bottom-style: solid !important;}&#8221;]<\/p>\n<h2 style=\"text-align: left;\">Les balades gourmandes priv\u00e9es et \u00e9v\u00e9nements comprennent :<\/h2>\n<hr class=\"style1\">\n<ul style=\"text-align: left;\">\n<li>Une visite priv\u00e9e en groupe qui offre la m\u00eame exp\u00e9rience qu&#8217;une visite en petit groupe, uniquement dans un cadre priv\u00e9. Peut accueillir des groupes de 1-10.<\/li>\n<li>Une visite priv\u00e9e en groupe, semblable \u00e0 nos visites en petits groupes, mais l\u00e9g\u00e8rement modifi\u00e9e pour des groupes plus importants pouvant aller jusqu&#8217;\u00e0 15 personnes.<\/li>\n<li>Un atelier priv\u00e9 de d\u00e9gustation de vins et de fromages pour 2 \u00e0 20 personnes dans un lieu assis. Je peux venir chez vous ou organiser la location d&#8217;un espace pour votre \u00e9v\u00e9nement.<\/li>\n<li>Une exp\u00e9rience interactive en ligne pour des groupes allant de 2 \u00e0 plus de 30 personnes autour du fromage et du vin fran\u00e7ais.<\/li>\n<li>Bien s\u00fbr, si vous \u00eates \u00e0 Toulouse et souhaitez rencontrer des passionn\u00e9s de cuisine fran\u00e7aise tout en d\u00e9gustant les meilleurs plats de la ville, n\u2019oubliez pas d\u2019explorer notre s\u00e9lection de <a href=\"https:\/\/www.tasteoftoulouse.com\/fr\/visites\/\">balades gourmandes \u00e0 Toulouse.<\/a><\/li>\n<\/ul>\n<p>[\/vc_column_text][\/qode_elements_holder_item][\/qode_elements_holder][\/vc_column][\/vc_row][vc_row row_type=&#8221;row&#8221; use_row_as_full_screen_section=&#8221;no&#8221; type=&#8221;full_width&#8221; text_align=&#8221;left&#8221; background_animation=&#8221;none&#8221; css_animation=&#8221;&#8221;][vc_column][vc_empty_space][\/vc_column][\/vc_row][vc_row row_type=&#8221;row&#8221; use_row_as_full_screen_section=&#8221;no&#8221; type=&#8221;grid&#8221; text_align=&#8221;left&#8221; background_animation=&#8221;none&#8221; css_animation=&#8221;&#8221;][vc_column width=&#8221;2\/3&#8243; offset=&#8221;vc_col-md-offset-2 vc_col-md-8 vc_col-sm-offset-1&#8243;][vc_text_separator title=&#8221;<\/p>\n<h2>Ce qu&#8217;en disent nos clients<\/h2>\n<p>&#8221; border_color=&#8221;#edb740&#8243; title_color=&#8221;#682547&#8243;][vc_raw_html]PCEtLSBCZWdpbiBSZXB1c28gd2lkZ2V0IGNvZGUgLS0+CjxkaXYgZGF0YS1yZXB1c28taW5saW5lPSIxMTYwNyIgZGF0YS1jb250ZW50LXRhZ3M9IlByaXZhdGUiPjwvZGl2Pgo8c2NyaXB0IHR5cGU9InRleHQvamF2YXNjcmlwdCIgc3JjPSJodHRwczovL3JlcHVzby5jb20vd2lkZ2V0cy9pbmxpbmUuanMiPjwvc2NyaXB0Pgo8IS0tIEVuZCBSZXB1c28gd2lkZ2V0IGNvZGUgLS0+[\/vc_raw_html][vc_empty_space height=&#8221;50px&#8221;][\/vc_column][\/vc_row][vc_row row_type=&#8221;row&#8221; use_row_as_full_screen_section=&#8221;no&#8221; type=&#8221;grid&#8221; text_align=&#8221;left&#8221; background_animation=&#8221;none&#8221; css_animation=&#8221;&#8221; el_class=&#8221;layover&#8221;][vc_column width=&#8221;5\/6&#8243; css=&#8221;.vc_custom_1540832451058{margin-bottom: -400px !important;padding-top: 50px !important;padding-right: 50px !important;padding-bottom: 50px !important;padding-left: 50px !important;background-color: #682547 !important;}&#8221; el_class=&#8221;layover&#8221; offset=&#8221;vc_col-md-offset-2 vc_col-md-8 vc_col-sm-offset-1&#8243;][vc_column_text]<\/p>\n<h2><span style=\"color: #ffffff;\">Demander plus d&#8217;informations sur les visites ou \u00e9v\u00e9nements priv\u00e9s<\/span><\/h2>\n<hr class=\"style1\">\n<p>[\/vc_column_text][vc_empty_space height=&#8221;50px&#8221;][vc_raw_html]W2NvbnRhY3QtZm9ybS03IGlkPSIyMTU5NCIgdGl0bGU9IlByaXZhdGUgVG91cnMgYW5kIEV2ZW50cyJd[\/vc_raw_html][\/vc_column][\/vc_row][vc_row row_type=&#8221;row&#8221; use_row_as_full_screen_section=&#8221;no&#8221; type=&#8221;full_width&#8221; text_align=&#8221;left&#8221; background_animation=&#8221;none&#8221; css_animation=&#8221;&#8221; css=&#8221;.vc_custom_1540835603816{background-image: url(https:\/\/www.tasteoftoulouse.com\/wp-content\/uploads\/2018\/10\/PrivateTour-Bg-Bottom-1.jpg?id=21661) !important;}&#8221;][vc_column][vc_empty_space height=&#8221;650px&#8221;][\/vc_column][\/vc_row]<\/p>\n<\/div>","protected":false},"excerpt":{"rendered":"<p>[vc_row row_type=&#8221;row&#8221; use_row_as_full_screen_section=&#8221;no&#8221; type=&#8221;grid&#8221; text_align=&#8221;center&#8221; background_animation=&#8221;none&#8221; css_animation=&#8221;&#8221; css=&#8221;.vc_custom_1540825493008{border-bottom-width: 50px !important;padding-top: 50px !important;}&#8221;][vc_column][qode_elements_holder number_of_columns=&#8221;two_columns&#8221; alignment_one_column=&#8221;center&#8221;][qode_elements_holder_item item_padding=&#8221;0px 50px 0px 0px&#8221; item_padding_1280_1600=&#8221;0px 50px 0px 0px&#8221; item_padding_1024_1280=&#8221;0px 50px 0px 0px&#8221; item_padding_768_1024=&#8221;0px 25px 0px 0px&#8221; item_padding_600_768=&#8221;0px 0px 25px 0px&#8221; item_padding_480_600=&#8221;0px 0px 25px 0px&#8221; item_padding_480=&#8221;0px 0px 25px 0px&#8221;][vc_single_image image=&#8221;22357&#8243; img_size=&#8221;full&#8221; alignment=&#8221;center&#8221;&#8230;<\/p>\n","protected":false},"author":1,"featured_media":0,"parent":0,"menu_order":0,"comment_status":"closed","ping_status":"closed","template":"full_width.php","meta":{"footnotes":""},"class_list":["post-22557","page","type-page","status-publish","hentry"],"_links":{"self":[{"href":"https:\/\/www.tasteoftoulouse.com\/fr\/wp-json\/wp\/v2\/pages\/22557","targetHints":{"allow":["GET"]}}],"collection":[{"href":"https:\/\/www.tasteoftoulouse.com\/fr\/wp-json\/wp\/v2\/pages"}],"about":[{"href":"https:\/\/www.tasteoftoulouse.com\/fr\/wp-json\/wp\/v2\/types\/page"}],"author":[{"embeddable":true,"href":"https:\/\/www.tasteoftoulouse.com\/fr\/wp-json\/wp\/v2\/users\/1"}],"replies":[{"embeddable":true,"href":"https:\/\/www.tasteoftoulouse.com\/fr\/wp-json\/wp\/v2\/comments?post=22557"}],"version-history":[{"count":4,"href":"https:\/\/www.tasteoftoulouse.com\/fr\/wp-json\/wp\/v2\/pages\/22557\/revisions"}],"predecessor-version":[{"id":25725,"href":"https:\/\/www.tasteoftoulouse.com\/fr\/wp-json\/wp\/v2\/pages\/22557\/revisions\/25725"}],"wp:attachment":[{"href":"https:\/\/www.tasteoftoulouse.com\/fr\/wp-json\/wp\/v2\/media?parent=22557"}],"curies":[{"name":"wp","href":"https:\/\/api.w.org\/{rel}","templated":true}]}}