{"id":22542,"date":"2019-06-25T20:57:48","date_gmt":"2019-06-25T20:57:48","guid":{"rendered":"https:\/\/www.tasteoftoulouse.com\/centre-de-confidentialite-gdpr\/"},"modified":"2023-05-10T14:46:52","modified_gmt":"2023-05-10T12:46:52","slug":"centre-de-confidentialite-gdpr","status":"publish","type":"page","link":"https:\/\/www.tasteoftoulouse.com\/fr\/centre-de-confidentialite-gdpr\/","title":{"rendered":"CENTRE DE CONFIDENTIALIT\u00c9 GDPR"},"content":{"rendered":"<div class=\"wordpress-gdpr-privacy-center\"><div class=\"wordpress-gdpr-privacy-center-items\"><a href=\"https:\/\/www.tasteoftoulouse.com\/gdpr-privacy-center\/contact-data-protection-officer\/\" class=\"wordpress-gdpr-privacy-center-item\"><div class=\"wordpress-gdpr-privacy-center-item-contactDPO\"><i class=\"fa fa-user-circle-o\"><\/i><h2 class=\"wordpress-gdpr-privacy-center-item-headline\">Contactez la page DPO du Droit \u00e0 l'oubli<\/h2><p class=\"wordpress-gdpr-privacy-center-item-desc\">Contactez notre responsable de la protection des donn\u00e9es.<\/p><div class=\"wordpress-gdpr-privacy-center-item-action\">En savoir plus<\/div><\/div><\/a><a href=\"https:\/\/www.tasteoftoulouse.com\/gdpr-privacy-center\/cookie-policy\/\" class=\"wordpress-gdpr-privacy-center-item\"><div class=\"wordpress-gdpr-privacy-center-item-cookiePolicy\"><i class=\"fa  fa-list-alt\"><\/i><h2 class=\"wordpress-gdpr-privacy-center-item-headline\">Politique des cookies<\/h2><p class=\"wordpress-gdpr-privacy-center-item-desc\">En savoir plus sur notre politique de confidentialit\u00e9 des cookies.<\/p><div class=\"wordpress-gdpr-privacy-center-item-action\">En savoir plus<\/div><\/div><\/a><a href=\"https:\/\/www.tasteoftoulouse.com\/gdpr-privacy-center\/forget-me\/\" class=\"wordpress-gdpr-privacy-center-item wordpress-gdpr-privacy-center-item-last\"><div class=\"wordpress-gdpr-privacy-center-item-forgetMe\"><i class=\"fa fa-eraser\"><\/i><h2 class=\"wordpress-gdpr-privacy-center-item-headline\">Droit \u00e0 l'oubli<\/h2><p class=\"wordpress-gdpr-privacy-center-item-desc\">Soumettez une demande d'effacement de vos donn\u00e9es priv\u00e9es.<\/p><div class=\"wordpress-gdpr-privacy-center-item-action\">En savoir plus<\/div><\/div><\/a><a href=\"https:\/\/www.tasteoftoulouse.com\/gdpr-privacy-center\/request-data\/\" class=\"wordpress-gdpr-privacy-center-item\"><div class=\"wordpress-gdpr-privacy-center-item-requestData\"><i class=\"fa fa-database\"><\/i><h2 class=\"wordpress-gdpr-privacy-center-item-headline\">Demande de donn\u00e9es<\/h2><p class=\"wordpress-gdpr-privacy-center-item-desc\">Soumettez une demande pour obtenir une copie de toutes vos donn\u00e9es stock\u00e9es.<\/p><div class=\"wordpress-gdpr-privacy-center-item-action\">En savoir plus<\/div><\/div><\/a><a href=\"https:\/\/www.tasteoftoulouse.com\/gdpr-privacy-center\/privacy-policy\/\" class=\"wordpress-gdpr-privacy-center-item\"><div class=\"wordpress-gdpr-privacy-center-item-privacyPolicy\"><i class=\"fa fa-file-text\"><\/i><h2 class=\"wordpress-gdpr-privacy-center-item-headline\">Politique de confidentialit\u00e9<\/h2><p class=\"wordpress-gdpr-privacy-center-item-desc\">A propos de notre politique de confidentialit\u00e9 Lisez ici.<\/p><div class=\"wordpress-gdpr-privacy-center-item-action\">En savoir plus<\/div><\/div><\/a><a href=\"#\" class=\"wordpress-gdpr-privacy-center-item wordpress-gdpr-open-privacy-settings-modal wordpress-gdpr-privacy-center-item-last\"><div class=\"wordpress-gdpr-privacy-center-item-privacySettings\"><i class=\"fa fa-user-secret\"><\/i><h2 class=\"wordpress-gdpr-privacy-center-item-headline\">Param\u00e8tres de confidentialit\u00e9<\/h2><p class=\"wordpress-gdpr-privacy-center-item-desc\">Configurez vos param\u00e8tres de confidentialit\u00e9 personnels ici.<\/p><div class=\"wordpress-gdpr-privacy-center-item-action\">En savoir plus<\/div><\/div><\/a><a href=\"https:\/\/www.tasteoftoulouse.com\/terms-conditions\/\" class=\"wordpress-gdpr-privacy-center-item\"><div class=\"wordpress-gdpr-privacy-center-item-termsConditions\"><i class=\"fa fa-align-left\"><\/i><h2 class=\"wordpress-gdpr-privacy-center-item-headline\">Termes & Conditions<\/h2><p class=\"wordpress-gdpr-privacy-center-item-desc\">En savoir plus sur les Conditions g\u00e9n\u00e9rales de vente et d'utilisation de notre site.<\/p><div class=\"wordpress-gdpr-privacy-center-item-action\">En savoir plus<\/div><\/div><\/a><\/div><\/div>\n","protected":false},"excerpt":{"rendered":"Contactez la page DPO du Droit \u00e0 l'oubliContactez notre responsable de la protection des donn\u00e9es.En savoir plusPolitique des cookiesEn savoir plus sur notre politique de confidentialit\u00e9 des cookies.En savoir plusDroit \u00e0 l'oubliSoumettez une demande d'effacement de vos donn\u00e9es priv\u00e9es.En savoir plusDemande de donn\u00e9esSoumettez une demande...","protected":false},"author":1,"featured_media":0,"parent":0,"menu_order":0,"comment_status":"closed","ping_status":"closed","template":"","meta":{"footnotes":""},"class_list":["post-22542","page","type-page","status-publish","hentry"],"_links":{"self":[{"href":"https:\/\/www.tasteoftoulouse.com\/fr\/wp-json\/wp\/v2\/pages\/22542","targetHints":{"allow":["GET"]}}],"collection":[{"href":"https:\/\/www.tasteoftoulouse.com\/fr\/wp-json\/wp\/v2\/pages"}],"about":[{"href":"https:\/\/www.tasteoftoulouse.com\/fr\/wp-json\/wp\/v2\/types\/page"}],"author":[{"embeddable":true,"href":"https:\/\/www.tasteoftoulouse.com\/fr\/wp-json\/wp\/v2\/users\/1"}],"replies":[{"embeddable":true,"href":"https:\/\/www.tasteoftoulouse.com\/fr\/wp-json\/wp\/v2\/comments?post=22542"}],"version-history":[{"count":1,"href":"https:\/\/www.tasteoftoulouse.com\/fr\/wp-json\/wp\/v2\/pages\/22542\/revisions"}],"predecessor-version":[{"id":25662,"href":"https:\/\/www.tasteoftoulouse.com\/fr\/wp-json\/wp\/v2\/pages\/22542\/revisions\/25662"}],"wp:attachment":[{"href":"https:\/\/www.tasteoftoulouse.com\/fr\/wp-json\/wp\/v2\/media?parent=22542"}],"curies":[{"name":"wp","href":"https:\/\/api.w.org\/{rel}","templated":true}]}}