{"id":22533,"date":"2019-06-25T20:52:06","date_gmt":"2019-06-25T20:52:06","guid":{"rendered":"https:\/\/www.tasteoftoulouse.com\/demande-de-donnees\/"},"modified":"2019-06-25T20:52:06","modified_gmt":"2019-06-25T20:52:06","slug":"demande-de-donnees","status":"publish","type":"page","link":"https:\/\/www.tasteoftoulouse.com\/fr\/centre-de-confidentialite-gdpr\/demande-de-donnees\/","title":{"rendered":"DEMANDE DE DONNEES"},"content":{"rendered":"<a class=\"wordpress-gdpr-back-link\" href=\"https:\/\/www.tasteoftoulouse.com\/gdpr-privacy-center\/\">&larr; Retourner au Centre de confidentialit\u00e9 priv\u00e9<\/a><form action=\"\/fr\/wp-json\/wp\/v2\/pages\/22533\" class=\"wordpress-gdpr-form wordpress-gdpr-form-request-data\" method=\"post\"><input type=\"hidden\" name=\"wordpress_gdpr_form_type\" value=\"request-data\"><div class=\"form-group\"><label for=\"gdpr_firstname\">Votre pr\u00e9nom (*)<\/label><input class=\"form-control\" type=\"text\" name=\"gdpr_firstname\" value=\"\" required \/><\/div><div class=\"form-group\"><label for=\"gdpr_lastname\">Votre nom de famille (*)<\/label><input class=\"form-control\" type=\"text\" name=\"gdpr_lastname\" value=\"\" required \/><\/div><div class=\"form-group\"><label for=\"gdpr_email\">Votre Email (*)<\/label><input class=\"form-control\" type=\"email\" name=\"gdpr_email\" value=\"\" required \/><\/div><div class=\"form-group\"><label for=\"gdpr_terms\"><input id=\"gdpr_terms\" class=\"form-control\" type=\"checkbox\" name=\"gdpr_terms\" value=\"1\" required \/><span class=\"gdpr-accept-conditiones-text\">I agree to the privacy policy and that my data will be stored for this GDPR request .<\/span><\/label><\/div><input type=\"submit\" name=\"gdpr_submitted\" value=\"Envoyer\"\/><\/form>\n","protected":false},"excerpt":{"rendered":"&larr; Retourner au Centre de confidentialit\u00e9 priv\u00e9Votre pr\u00e9nom (*)Votre nom de famille (*)Votre Email (*)I agree to the privacy policy and that my data will be stored for this GDPR request .","protected":false},"author":1,"featured_media":0,"parent":22542,"menu_order":0,"comment_status":"closed","ping_status":"closed","template":"","meta":{"footnotes":""},"class_list":["post-22533","page","type-page","status-publish","hentry"],"_links":{"self":[{"href":"https:\/\/www.tasteoftoulouse.com\/fr\/wp-json\/wp\/v2\/pages\/22533","targetHints":{"allow":["GET"]}}],"collection":[{"href":"https:\/\/www.tasteoftoulouse.com\/fr\/wp-json\/wp\/v2\/pages"}],"about":[{"href":"https:\/\/www.tasteoftoulouse.com\/fr\/wp-json\/wp\/v2\/types\/page"}],"author":[{"embeddable":true,"href":"https:\/\/www.tasteoftoulouse.com\/fr\/wp-json\/wp\/v2\/users\/1"}],"replies":[{"embeddable":true,"href":"https:\/\/www.tasteoftoulouse.com\/fr\/wp-json\/wp\/v2\/comments?post=22533"}],"version-history":[{"count":0,"href":"https:\/\/www.tasteoftoulouse.com\/fr\/wp-json\/wp\/v2\/pages\/22533\/revisions"}],"up":[{"embeddable":true,"href":"https:\/\/www.tasteoftoulouse.com\/fr\/wp-json\/wp\/v2\/pages\/22542"}],"wp:attachment":[{"href":"https:\/\/www.tasteoftoulouse.com\/fr\/wp-json\/wp\/v2\/media?parent=22533"}],"curies":[{"name":"wp","href":"https:\/\/api.w.org\/{rel}","templated":true}]}}