{"id":22531,"date":"2019-06-25T11:47:13","date_gmt":"2019-06-25T11:47:13","guid":{"rendered":"https:\/\/www.tasteoftoulouse.com\/politique-de-cookie\/"},"modified":"2019-06-25T11:47:13","modified_gmt":"2019-06-25T11:47:13","slug":"politique-de-cookie","status":"publish","type":"page","link":"https:\/\/www.tasteoftoulouse.com\/fr\/centre-de-confidentialite-gdpr\/politique-de-cookie\/","title":{"rendered":"POLITIQUE DE COOKIE"},"content":{"rendered":"<h1>Les cookies et comment ils vous sont utiles<\/h1>\n<p>Notre site Web utilise des cookies, comme presque tous les sites Web, pour vous fournir la meilleure exp\u00e9rience possible. Les cookies sont de petits fichiers texte plac\u00e9s sur votre ordinateur ou votre t\u00e9l\u00e9phone portable lorsque vous naviguez sur des sites Web.<\/p>\n<h6>Nos cookies nous aident \u00e0 :<\/h6>\n<ul>\n<li>Faites en sorte que notre site fonctionne comme pr\u00e9vu<\/li>\n<li>M\u00e9morisez vos param\u00e8tres (y compris les param\u00e8tres de confidentialit\u00e9) pendant et entre les visites<\/li>\n<li>Am\u00e9liorer la vitesse \/ s\u00e9curit\u00e9 du site<\/li>\n<li>Vous permettent de partager des pages avec des r\u00e9seaux sociaux tels que Facebook<\/li>\n<li>Am\u00e9liorer continuellement notre site web pour vous<\/li>\n<li>Rendre notre marketing plus efficace (en fin de compte, nous aider \u00e0 offrir le service que nous faisons au prix que nous faisons)<\/li>\n<\/ul>\n<h6>Nous utilisons pas de cookie pour:<\/h6>\n<ul>\n<li>Recueillir toute information personnellement identifiable (sans votre permission)<\/li>\n<li>Recueillir toute information sensible (sans votre permission)<\/li>\n<li>Transmettre des donn\u00e9es personnellement identifiables \u00e0 des tiers<\/li>\n<li>Payer la commission de vente<\/li>\n<\/ul>\n<p>&nbsp;<\/p>\n<p><strong>Vous pouvez en savoir plus sur tous les cookies que nous utilisons ci-dessous<\/strong><\/p>\n<h1>Nous autoriser \u00e0 utiliser des cookies<\/h1>\n<p>Si les param\u00e8tres de votre logiciel que vous utilisez pour afficher ce site Web (votre navigateur) sont ajust\u00e9s pour accepter les cookies, nous acceptons les cookies et votre utilisation continue de notre site Web, ce qui signifie que vous \u00eates d&#8217;accord avec cela. Si vous souhaitez supprimer ou ne pas utiliser les cookies de notre site, vous pouvez apprendre \u00e0 le faire ci-dessous. Toutefois, cela signifiera probablement que certaines des fonctionnalit\u00e9s de notre site ne fonctionneront pas comme pr\u00e9vu.<\/p>\n<h1>Plus sur nos cookies<\/h1>\n<h3>Fonction des cookies de site web<\/h3>\n<h6>Nos propres cookies<\/h6>\n<p>Nous utilisons des cookies pour que notre site fonctionne, y compris:<\/p>\n<ul>\n<li>Faire fonctionner notre panier et notre caisse<\/li>\n<li>M\u00e9moriser vos param\u00e8tres de recherche<\/li>\n<li>Rappelez-vous si vous avez accept\u00e9 nos conditions g\u00e9n\u00e9rales<\/li>\n<li>Vous permettant d&#8217;ajouter des commentaires sur notre site<\/li>\n<\/ul>\n<p>Il n\u2019y a aucun autre moyen d\u2019emp\u00eacher la cr\u00e9ation de ces cookies que de ne pas utiliser notre site.<\/p>\n<h6>Fonctions tierces<\/h6>\n<p>Notre site, comme la plupart des sites Web, inclut des fonctionnalit\u00e9s fournies par des tiers. Un exemple courant est une vid\u00e9o YouTube int\u00e9gr\u00e9e. Notre site comprend les \u00e9l\u00e9ments suivants qui utilisent des cookies:<\/p>\n<ul>\n<li>TicketingHub &#8211; notre service de billetterie en ligne<\/li>\n<li>Stripe &#8211; notre fournisseur de paiement en ligne<\/li>\n<\/ul>\n<p>La d\u00e9sactivation de ces cookies annulera probablement les fonctions offertes par ces tiers.<\/p>\n<h3>Cookies du sites web social<\/h3>\n<p>Pour que vous puissiez facilement \u00abaimer\u00bb ou partager notre contenu sur des sites tels que Facebook et Twitter, nous avons inclus des boutons de partage sur notre site.<\/p>\n<p>Les cookies sont d\u00e9finis par:<\/p>\n<ul>\n<li><a href=\"https:\/\/www.facebook.com\/policy.php\" target=\"_blank\" rel=\"noopener noreferrer\">Facebook<\/a><\/li>\n<li><a href=\"https:\/\/www.facebook.com\/policy.php\" target=\"_blank\" rel=\"noopener noreferrer\">Instagram<\/a><\/li>\n<li><a href=\"https:\/\/twitter.com\/en\/privacy\" target=\"_blank\" rel=\"noopener noreferrer\">Twitter<\/a><\/li>\n<li><a href=\"https:\/\/policy.pinterest.com\/en\/privacy-policy\" target=\"_blank\" rel=\"noopener noreferrer\">Pinterest<\/a><\/li>\n<\/ul>\n<p>Les implications en termes de confidentialit\u00e9 varieront d&#8217;un r\u00e9seau social \u00e0 l&#8217;autre et d\u00e9pendront des param\u00e8tres de confidentialit\u00e9 que vous avez choisis sur ces r\u00e9seaux.<\/p>\n<h3>Statistiques des visiteurs anonymes<\/h3>\n<p>Nous utilisons des cookies pour \u00e9tablir des statistiques sur les visiteurs, telles que le nombre de personnes ayant visit\u00e9 notre site Web, le type de technologie qu\u2019ils utilisent (par exemple, Mac ou Windows, ce qui permet d\u2019identifier les cas o\u00f9 notre site ne fonctionne pas correctement pour certaines technologies), combien de temps ils passent sur le site, quelle page ils regardent etc. Cela nous aide \u00e0 am\u00e9liorer continuellement notre site Web. Ces soi-disant programmes \u00abd&#8217;analyse\u00bb nous indiquent \u00e9galement, <strong>de mani\u00e8re anonyme<\/strong>, comment les internautes ont acc\u00e9d\u00e9 \u00e0 ce site (par exemple, \u00e0 partir d&#8217;un moteur de recherche) et s&#8217;ils sont d\u00e9j\u00e0 venus ici, ce qui nous aide \u00e0 investir plus d&#8217;argent dans le d\u00e9veloppement de nos services pour vous au lieu de d\u00e9penses de marketing.<\/p>\n<p>Nous utilisons<\/p>\n<ul>\n<li>Google Analytics (aucune donn\u00e9e personnelle collect\u00e9e)<\/li>\n<\/ul>\n<h3>Cookies publicitaire<\/h3>\n<p>Les cookies sont largement utilis\u00e9s dans la publicit\u00e9 en ligne. Ni nous, ni les annonceurs ni nos partenaires publicitaires ne pouvons obtenir des informations personnellement identifiables gr\u00e2ce \u00e0 ces cookies.<\/p>\n<p>Vous pouvez en apprendre plus sur la publicit\u00e9 en ligne \u00e0 l&#8217;adresse <a href=\"http:\/\/www.youronlinechoices.com\" rel=\"noopener noreferrer\" target=\"_blank\">http:\/\/www.youronlinechoices.com.<\/a> Vous pouvez d\u00e9sactiver presque tous les cookies publicitaires \u00e0 l&#8217;adresse <a href=\"http:\/\/www.youronlinechoices.com\/uk\/your-ad-choices\" rel=\"noopener noreferrer\" target=\"_blank\">http:\/\/www.youronlinechoices.com\/uk\/your-ad-choices<\/a> Nous pr\u00e9f\u00e9rerions toutefois que les annonces ne permettent pas, en fin de compte, de conserver une grande partie de la connexion Internet gratuite. Il convient \u00e9galement de noter que le fait de ne pas utiliser les cookies publicitaires ne signifie pas que vous ne verrez pas les publicit\u00e9s, mais simplement qu&#8217;elles ne seront plus adapt\u00e9es \u00e0 vos besoins.<\/p>\n<p>Nous utilisons<\/p>\n<ul>\n<li>Pas de cookies publicitaires pour le moment<\/li>\n<\/ul>\n<h3>Cookies de remarketing<\/h3>\n<p>Vous remarquerez peut-\u00eatre qu&#8217;apr\u00e8s la visite d&#8217;un site, le nombre d&#8217;annonces publi\u00e9es sur le site visit\u00e9 augmente. En effet, les annonceurs, y compris nous-m\u00eames, paient pour ces annonces. La technologie permet de rendre possible par les cookies et, \u00e0 ce titre, nous pouvons placer un &#8220;cookie de remarketing&#8221; lors de votre visite. Nous utilisons ces publicit\u00e9s pour proposer des offres sp\u00e9ciales, etc. afin de vous encourager \u00e0 revenir sur notre site. Ne vous inqui\u00e9tez pas, nous ne pouvons pas vous contacter de mani\u00e8re proactive car l&#8217;ensemble du processus est enti\u00e8rement anonymis\u00e9. Vous pouvez d\u00e9sactiver ces cookies \u00e0 tout moment, comme expliqu\u00e9 ci-dessus.<\/p>\n<p>Nous utilisons<\/p>\n<ul>\n<li>Les services MailChimp permettent ce qui suit:\n<ul>\n<li>Le cookie Mailchimp doit \u00eatre plac\u00e9 sur le terminal d\u2019un abonn\u00e9 lorsque ce dernier clique sur un lien contenu dans un e-mail de reciblage de produit. Ce cookie suit les taux d\u2019attribution et l\u2019activit\u00e9 du navigateur, ce qui permet \u00e0 Mailchimp de nous fournir des informations sur le succ\u00e8s de nos courriels de reciblage de produits.<\/li>\n<li>D\u00e9ployez un cookie Mailchimp qui reconna\u00eet les visiteurs de notre site \u00e0 partir des annonces de remarketing que nous diffusons. Ces technologies facilitent le placement d\u2019annonces de remarketing et la g\u00e9n\u00e9ration de rapports sur les performances de nos campagnes publicitaires.<\/li>\n<\/ul>\n<\/li>\n<\/ul>\n<h1>D\u00e9sactiver les cookies<\/h1>\n<p>Vous pouvez g\u00e9n\u00e9ralement d\u00e9sactiver les cookies en modifiant les param\u00e8tres de votre navigateur pour l&#8217;emp\u00eacher d&#8217;accepter les cookies (d\u00e9couvrez comment<a href=\"http:\/\/www.attacat.co.uk\/resources\/cookies\/how-to-ban\">ici<\/a>). Cela risque toutefois de limiter les fonctionnalit\u00e9s de nos sites et d&#8217;une grande partie des sites Web dans le monde, car les cookies font partie int\u00e9grante des sites Web les plus modernes.<\/p>\n<p>Il se peut que vos pr\u00e9occupations concernant les cookies concernent ce qu\u2019on appelle des &#8220;logiciels espions&#8221;. Plut\u00f4t que de d\u00e9sactiver les cookies dans votre navigateur, vous constaterez peut-\u00eatre que les logiciels anti-spyware atteignent le m\u00eame objectif en supprimant automatiquement les cookies consid\u00e9r\u00e9s comme invasifs. En savoir plus sur<a href=\"http:\/\/www.attacat.co.uk\/resources\/cookies\/how-to-control-your-online-privacy\">la gestion des cookies avec un logiciel anti-espion.<\/a><\/p>\n","protected":false},"excerpt":{"rendered":"<p>Les cookies et comment ils vous sont utiles Notre site Web utilise des cookies, comme presque tous les sites Web, pour vous fournir la meilleure exp\u00e9rience possible. Les cookies sont de petits fichiers texte plac\u00e9s sur votre ordinateur ou votre t\u00e9l\u00e9phone portable lorsque vous naviguez&#8230;<\/p>\n","protected":false},"author":1,"featured_media":0,"parent":22542,"menu_order":0,"comment_status":"closed","ping_status":"closed","template":"","meta":{"footnotes":""},"class_list":["post-22531","page","type-page","status-publish","hentry"],"_links":{"self":[{"href":"https:\/\/www.tasteoftoulouse.com\/fr\/wp-json\/wp\/v2\/pages\/22531","targetHints":{"allow":["GET"]}}],"collection":[{"href":"https:\/\/www.tasteoftoulouse.com\/fr\/wp-json\/wp\/v2\/pages"}],"about":[{"href":"https:\/\/www.tasteoftoulouse.com\/fr\/wp-json\/wp\/v2\/types\/page"}],"author":[{"embeddable":true,"href":"https:\/\/www.tasteoftoulouse.com\/fr\/wp-json\/wp\/v2\/users\/1"}],"replies":[{"embeddable":true,"href":"https:\/\/www.tasteoftoulouse.com\/fr\/wp-json\/wp\/v2\/comments?post=22531"}],"version-history":[{"count":0,"href":"https:\/\/www.tasteoftoulouse.com\/fr\/wp-json\/wp\/v2\/pages\/22531\/revisions"}],"up":[{"embeddable":true,"href":"https:\/\/www.tasteoftoulouse.com\/fr\/wp-json\/wp\/v2\/pages\/22542"}],"wp:attachment":[{"href":"https:\/\/www.tasteoftoulouse.com\/fr\/wp-json\/wp\/v2\/media?parent=22531"}],"curies":[{"name":"wp","href":"https:\/\/api.w.org\/{rel}","templated":true}]}}