{"id":22520,"date":"2019-06-24T08:18:21","date_gmt":"2019-06-24T08:18:21","guid":{"rendered":"https:\/\/www.tasteoftoulouse.com\/cadeau-certificat\/"},"modified":"2024-12-02T15:53:35","modified_gmt":"2024-12-02T14:53:35","slug":"cadeau-certificat","status":"publish","type":"page","link":"https:\/\/www.tasteoftoulouse.com\/fr\/cadeau-certificat\/","title":{"rendered":"CADEAUX POUR LES VISITES DE TOULOUSE ET D&#8217;ALBI"},"content":{"rendered":"<div class=\"wpb-content-wrapper\"><p>[vc_row row_type=&#8221;row&#8221; use_row_as_full_screen_section=&#8221;no&#8221; type=&#8221;full_width&#8221; text_align=&#8221;left&#8221; background_animation=&#8221;none&#8221; css_animation=&#8221;&#8221;][vc_column][vc_empty_space height=&#8221;50px&#8221;][\/vc_column][\/vc_row][vc_row row_type=&#8221;row&#8221; use_row_as_full_screen_section=&#8221;no&#8221; type=&#8221;grid&#8221; text_align=&#8221;left&#8221; background_animation=&#8221;none&#8221; css_animation=&#8221;&#8221;][vc_column width=&#8221;5\/6&#8243; css=&#8221;.vc_custom_1541010537240{border-top-width: 1px !important;border-right-width: 1px !important;border-bottom-width: 1px !important;border-left-width: 1px !important;padding-right: 20px !important;padding-bottom: 20px !important;padding-left: 20px !important;border-left-color: #7a7a7a !important;border-left-style: solid !important;border-right-color: #7a7a7a !important;border-right-style: solid !important;border-top-color: #7a7a7a !important;border-top-style: solid !important;border-bottom-color: #7a7a7a !important;border-bottom-style: solid !important;}&#8221; offset=&#8221;vc_col-lg-offset-2 vc_col-lg-8 vc_col-sm-offset-1 vc_col-xs-12&#8243;][vc_single_image image=&#8221;22357&#8243; alignment=&#8221;center&#8221; qode_css_animation=&#8221;&#8221;][vc_column_text css=&#8221;&#8221;]<\/p>\n<h2>Les visites Taste of Toulouse sont rapides et faciles \u00e0 offrir!<\/h2>\n<hr class=\"style1\">\n<h6>Des cadeaux en ligne sont disponibles pour la visite du <a href=\"https:\/\/www.tasteoftoulouse.com\/fr\/marche-victor-hugo-tour\/\"><strong><span style=\"text-decoration: underline;\">March\u00e9 Victor Hugo<\/span><\/strong><\/a>, la visite des <strong><a href=\"https:\/\/www.tasteoftoulouse.com\/fr\/?page_id=27262\"><span style=\"text-decoration: underline;\">Taste of Albi<\/span><\/a><\/strong>, <a href=\"https:\/\/www.tasteoftoulouse.com\/fr\/tour-sur-le-chocolat-et-la-patisserie\/\"><strong><span style=\"text-decoration: underline;\">la visite des Chocolats et P\u00e2tisseries<\/span><\/strong><\/a>, <a href=\"https:\/\/www.tasteoftoulouse.com\/fr\/la-visite-des-bars-a-vins-de-toulouse\/\"><strong><span style=\"text-decoration: underline;\">la visite des Bars \u00e0 Vins de Toulouse<\/span><\/strong><\/a>, ou pour une <a href=\"https:\/\/www.tasteoftoulouse.com\/fr\/degustation-de-vins-et-fromages\/\"><strong><span style=\"text-decoration: underline;\">D\u00e9gustation Priv\u00e9e de Vins et Fromages<\/span><\/strong><\/a>!<\/h6>\n<p>Utilisez le widget de la billetterie ci-dessous pour s\u00e9lectionner le nombre et le type de billet que vous souhaitez offrir et terminez le processus de paiement.<\/p>\n<p>Les bons vous seront envoy\u00e9s par mail sous forme de document PDF que vous pouvez imprimer ou envoyer num\u00e9riquement au destinataire. Le destinataire peut ensuite \u00e9changer les coupons via le site Web pour une visite guid\u00e9e \u00e0 la date de son choix. Les bons cadeaux Taste of Toulouse sont valables deux ans !<\/p>\n<p><strong>Si vous souhaitez offrir une visite ou une exp\u00e9rience priv\u00e9e personnalis\u00e9e, veuillez utiliser le formulaire de contact sur <a href=\"https:\/\/www.tasteoftoulouse.com\/fr\/visites-privees-evenements\/\">la page des visites priv\u00e9es<\/a>.<\/strong>[\/vc_column_text][\/vc_column][\/vc_row][vc_row row_type=&#8221;row&#8221; use_row_as_full_screen_section=&#8221;no&#8221; type=&#8221;full_width&#8221; text_align=&#8221;left&#8221; background_animation=&#8221;none&#8221; css_animation=&#8221;&#8221;][vc_column][vc_empty_space height=&#8221;50px&#8221;][\/vc_column][\/vc_row][vc_row row_type=&#8221;row&#8221; use_row_as_full_screen_section=&#8221;no&#8221; type=&#8221;grid&#8221; text_align=&#8221;center&#8221; background_animation=&#8221;none&#8221; css_animation=&#8221;&#8221; el_class=&#8221;layover&#8221;][vc_column width=&#8221;5\/6&#8243; css=&#8221;.vc_custom_1541010962844{margin-bottom: -400px !important;padding-top: 50px !important;padding-bottom: 50px !important;background-color: #682547 !important;}&#8221; el_class=&#8221;layover&#8221; offset=&#8221;vc_col-lg-offset-2 vc_col-lg-8 vc_col-sm-offset-1 vc_col-xs-12&#8243;][vc_column_text css=&#8221;.vc_custom_1541010690460{padding-bottom: 30px !important;}&#8221;]<\/p>\n<h1><span style=\"color: #ffffff;\">Acheter des ch\u00e8ques cadeaux<\/span><\/h1>\n<hr class=\"style5\">\n<p>[\/vc_column_text][vc_raw_html]PHNjcmlwdCBzcmM9Imh0dHBzOi8vYXNzZXRzLnRpY2tldGluZ2h1Yi5jb20vY2hlY2tvdXQuanMiIGRhdGEtd2lkZ2V0PSIwMDZjMWRkZi03MjkxLTQwZmItOGE5MC1hN2IxZDUxYWIwY2EiPjwvc2NyaXB0Pg==[\/vc_raw_html][\/vc_column][\/vc_row][vc_row row_type=&#8221;row&#8221; use_row_as_full_screen_section=&#8221;no&#8221; type=&#8221;full_width&#8221; text_align=&#8221;left&#8221; background_animation=&#8221;none&#8221; css_animation=&#8221;&#8221; css=&#8221;.vc_custom_1539196061632{background-color: #cecece !important;}&#8221;][vc_column][vc_empty_space height=&#8221;300px&#8221;][\/vc_column][\/vc_row][vc_row row_type=&#8221;row&#8221; use_row_as_full_screen_section=&#8221;no&#8221; type=&#8221;full_width&#8221; text_align=&#8221;left&#8221; background_animation=&#8221;none&#8221; css_animation=&#8221;&#8221;][vc_column][vc_empty_space height=&#8221;150px&#8221;][\/vc_column][\/vc_row]<\/p>\n<\/div>","protected":false},"excerpt":{"rendered":"<p>[vc_row row_type=&#8221;row&#8221; use_row_as_full_screen_section=&#8221;no&#8221; type=&#8221;full_width&#8221; text_align=&#8221;left&#8221; background_animation=&#8221;none&#8221; css_animation=&#8221;&#8221;][vc_column][vc_empty_space height=&#8221;50px&#8221;][\/vc_column][\/vc_row][vc_row row_type=&#8221;row&#8221; use_row_as_full_screen_section=&#8221;no&#8221; type=&#8221;grid&#8221; text_align=&#8221;left&#8221; background_animation=&#8221;none&#8221; css_animation=&#8221;&#8221;][vc_column width=&#8221;5\/6&#8243; css=&#8221;.vc_custom_1541010537240{border-top-width: 1px !important;border-right-width: 1px !important;border-bottom-width: 1px !important;border-left-width: 1px !important;padding-right: 20px !important;padding-bottom: 20px !important;padding-left: 20px !important;border-left-color: #7a7a7a !important;border-left-style: solid !important;border-right-color: #7a7a7a !important;border-right-style: solid !important;border-top-color: #7a7a7a !important;border-top-style: solid !important;border-bottom-color: #7a7a7a !important;border-bottom-style: solid&#8230;<\/p>\n","protected":false},"author":1,"featured_media":0,"parent":0,"menu_order":0,"comment_status":"closed","ping_status":"closed","template":"full_width.php","meta":{"footnotes":""},"class_list":["post-22520","page","type-page","status-publish","hentry"],"_links":{"self":[{"href":"https:\/\/www.tasteoftoulouse.com\/fr\/wp-json\/wp\/v2\/pages\/22520","targetHints":{"allow":["GET"]}}],"collection":[{"href":"https:\/\/www.tasteoftoulouse.com\/fr\/wp-json\/wp\/v2\/pages"}],"about":[{"href":"https:\/\/www.tasteoftoulouse.com\/fr\/wp-json\/wp\/v2\/types\/page"}],"author":[{"embeddable":true,"href":"https:\/\/www.tasteoftoulouse.com\/fr\/wp-json\/wp\/v2\/users\/1"}],"replies":[{"embeddable":true,"href":"https:\/\/www.tasteoftoulouse.com\/fr\/wp-json\/wp\/v2\/comments?post=22520"}],"version-history":[{"count":16,"href":"https:\/\/www.tasteoftoulouse.com\/fr\/wp-json\/wp\/v2\/pages\/22520\/revisions"}],"predecessor-version":[{"id":27905,"href":"https:\/\/www.tasteoftoulouse.com\/fr\/wp-json\/wp\/v2\/pages\/22520\/revisions\/27905"}],"wp:attachment":[{"href":"https:\/\/www.tasteoftoulouse.com\/fr\/wp-json\/wp\/v2\/media?parent=22520"}],"curies":[{"name":"wp","href":"https:\/\/api.w.org\/{rel}","templated":true}]}}